{"id":752,"date":"2023-07-10T12:48:01","date_gmt":"2023-07-10T10:48:01","guid":{"rendered":"https:\/\/mjenginyeria.com\/?page_id=752"},"modified":"2023-07-11T12:04:39","modified_gmt":"2023-07-11T10:04:39","slug":"projectes-dobra","status":"publish","type":"page","link":"https:\/\/mjenginyeria.com\/ca\/projectes-dobra\/","title":{"rendered":"Projectes d\u00b4obra"},"content":{"rendered":"<p>[et_pb_section fb_built=&#8221;1&#8243; fullwidth=&#8221;on&#8221; _builder_version=&#8221;4.21.0&#8243; _module_preset=&#8221;default&#8221; global_colors_info=&#8221;{}&#8221;][et_pb_fullwidth_slider _builder_version=&#8221;4.21.0&#8243; _module_preset=&#8221;default&#8221; hover_enabled=&#8221;0&#8243; global_colors_info=&#8221;{}&#8221; sticky_enabled=&#8221;0&#8243;][et_pb_slide heading=&#8221;Projectes d\u00b4obra&#8221; _builder_version=&#8221;4.21.0&#8243; _module_preset=&#8221;default&#8221; header_text_align=&#8221;right&#8221; header_text_color=&#8221;#FFFFFF&#8221; background_enable_color=&#8221;off&#8221; background_image=&#8221;https:\/\/mjenginyeria.com\/wp-content\/uploads\/2023\/04\/hero-section.jpg&#8221; background_enable_image=&#8221;on&#8221; custom_padding=&#8221;100px||100px||false|false&#8221; hover_enabled=&#8221;0&#8243; header_text_shadow_style=&#8221;preset3&#8243; global_colors_info=&#8221;{}&#8221; sticky_transition=&#8221;on&#8221; sticky_enabled=&#8221;0&#8243;][\/et_pb_slide][\/et_pb_fullwidth_slider][\/et_pb_section][et_pb_section fb_built=&#8221;1&#8243; _builder_version=&#8221;4.16&#8243; global_colors_info=&#8221;{}&#8221;][et_pb_row column_structure=&#8221;2_3,1_3&#8243; _builder_version=&#8221;4.16&#8243; background_size=&#8221;initial&#8221; background_position=&#8221;top_left&#8221; background_repeat=&#8221;repeat&#8221; global_colors_info=&#8221;{}&#8221;][et_pb_column type=&#8221;2_3&#8243; _builder_version=&#8221;4.16&#8243; custom_padding=&#8221;|||&#8221; global_colors_info=&#8221;{}&#8221; custom_padding__hover=&#8221;|||&#8221;][et_pb_text _builder_version=&#8221;4.21.0&#8243; background_size=&#8221;initial&#8221; background_position=&#8221;top_left&#8221; background_repeat=&#8221;repeat&#8221; hover_enabled=&#8221;0&#8243; global_colors_info=&#8221;{}&#8221; sticky_enabled=&#8221;0&#8243;]<\/p>\n<h1>Projectes d\u00b4obra<\/h1>\n<p>&nbsp;<\/p>\n<p>Depenen de quines obres cal un projecte d&#8217;obres que cal presentar a l&#8217;ajuntament per poder obtenir el perm\u00eds. Aquests projectes cada cop sol\u00b7liciten una s\u00e8rie de documentaci\u00f3 i un t\u00e8cnic que acrediti les obres.<\/p>\n<p>Nosaltres us podem oferir la tramitaci\u00f3 del projecte i si cal la vostra direcci\u00f3, encara que la majoria de vegades aquesta part no cal si disposeu d&#8217;una empresa de construcci\u00f3 o personal de confian\u00e7a. Tot i aix\u00f2, encara que no fem la direcci\u00f3 d&#8217;obra tindrem una comunicaci\u00f3 directa amb els industrials seus per poder fer la feina correcta i econ\u00f2mica.<\/p>\n<p>No dubteu a preguntar-nos i sense cap comprom\u00eds i cost us ajudarem a veure les possibilitats.<\/p>\n<p>&nbsp;<\/p>\n<p>[\/et_pb_text][\/et_pb_column][et_pb_column type=&#8221;1_3&#8243; _builder_version=&#8221;4.16&#8243; custom_padding=&#8221;|||&#8221; global_colors_info=&#8221;{}&#8221; custom_padding__hover=&#8221;|||&#8221;][et_pb_image src=&#8221;https:\/\/mjenginyeria.com\/wp-content\/uploads\/2023\/04\/servei-projextes-obra-inside.jpg&#8221; alt=&#8221;Proyectos de obra&#8221; _builder_version=&#8221;4.21.0&#8243; _module_preset=&#8221;default&#8221; animation_style=&#8221;fade&#8221; animation_duration=&#8221;2000ms&#8221; border_radii=&#8221;on|10px|10px|10px|10px&#8221; box_shadow_style=&#8221;preset1&#8243; global_colors_info=&#8221;{}&#8221;][\/et_pb_image][\/et_pb_column][\/et_pb_row][\/et_pb_section]<\/p>\n","protected":false},"excerpt":{"rendered":"<p>Projectes d\u00b4obra &nbsp; Depenen de quines obres cal un projecte d&#8217;obres que cal presentar a l&#8217;ajuntament per poder obtenir el perm\u00eds. Aquests projectes cada cop sol\u00b7liciten una s\u00e8rie de documentaci\u00f3 i un t\u00e8cnic que acrediti les obres. Nosaltres us podem oferir la tramitaci\u00f3 del projecte i si cal la vostra direcci\u00f3, encara que la majoria [&hellip;]<\/p>\n","protected":false},"author":2,"featured_media":0,"parent":0,"menu_order":0,"comment_status":"closed","ping_status":"closed","template":"","meta":{"_et_pb_use_builder":"on","_et_pb_old_content":"<p>[et_pb_section fb_built=\"1\" fullwidth=\"on\" _builder_version=\"4.21.0\" _module_preset=\"default\" global_colors_info=\"{}\" theme_builder_area=\"post_content\"][et_pb_fullwidth_slider _builder_version=\"4.21.0\" _module_preset=\"default\" hover_enabled=\"0\" global_colors_info=\"{}\" theme_builder_area=\"post_content\" sticky_enabled=\"0\"][et_pb_slide heading=\"Proyectos de obra\" _builder_version=\"4.21.0\" _module_preset=\"default\" header_text_align=\"right\" header_text_color=\"#FFFFFF\" background_enable_color=\"off\" background_image=\"https:\/\/mjenginyeria.com\/wp-content\/uploads\/2023\/04\/hero-section.jpg\" background_enable_image=\"on\" custom_padding=\"100px||100px||false|false\" hover_enabled=\"0\" header_text_shadow_style=\"preset3\" global_colors_info=\"{}\" sticky_transition=\"on\" theme_builder_area=\"post_content\" sticky_enabled=\"0\"][\/et_pb_slide][\/et_pb_fullwidth_slider][\/et_pb_section][et_pb_section fb_built=\"1\" _builder_version=\"4.16\" global_colors_info=\"{}\" theme_builder_area=\"post_content\"][et_pb_row column_structure=\"2_3,1_3\" _builder_version=\"4.16\" background_size=\"initial\" background_position=\"top_left\" background_repeat=\"repeat\" global_colors_info=\"{}\" theme_builder_area=\"post_content\"][et_pb_column type=\"2_3\" _builder_version=\"4.16\" custom_padding=\"|||\" global_colors_info=\"{}\" custom_padding__hover=\"|||\" theme_builder_area=\"post_content\"][et_pb_text _builder_version=\"4.21.0\" background_size=\"initial\" background_position=\"top_left\" background_repeat=\"repeat\" hover_enabled=\"0\" global_colors_info=\"{}\" theme_builder_area=\"post_content\" sticky_enabled=\"0\"]<\/p><h1>Proyectos de obra<\/h1><p>\u00a0<\/p><p>Dependen de qu\u00e9 obras es necesario un proyecto de obras que debe presentarse en el ayuntamiento para poder obtener el permiso. Estos proyectos cada vez solicitan una serie de documentaci\u00f3n y un t\u00e9cnico que acredite las obras.<\/p><p>Nosotros le podemos ofrecer la tramitaci\u00f3n del proyecto y si fuera necesario su direcci\u00f3n, aunque la mayor\u00eda de veces esta parte no hace falta si dispone de una empresa de construcci\u00f3n o personal de confianza. Sin embargo aunque no hagamos la direcci\u00f3n de obra tendremos una comunicaci\u00f3n directa con los industriales suyos para poder hacer el trabajo correcto y econ\u00f3mico.<\/p><p>No dude en preguntarnos y sin ning\u00fan compromiso y coste le ayudaremos a ver las posibilidades.<\/p><p>\u00a0<\/p><p>[\/et_pb_text][\/et_pb_column][et_pb_column type=\"1_3\" _builder_version=\"4.16\" custom_padding=\"|||\" global_colors_info=\"{}\" custom_padding__hover=\"|||\" theme_builder_area=\"post_content\"][et_pb_image src=\"https:\/\/mjenginyeria.com\/wp-content\/uploads\/2023\/04\/servei-projextes-obra-inside.jpg\" alt=\"Proyectos de obra\" _builder_version=\"4.21.0\" _module_preset=\"default\" animation_style=\"fade\" animation_duration=\"2000ms\" hover_enabled=\"0\" border_radii=\"on|10px|10px|10px|10px\" box_shadow_style=\"preset1\" global_colors_info=\"{}\" theme_builder_area=\"post_content\" sticky_enabled=\"0\"][\/et_pb_image][\/et_pb_column][\/et_pb_row][\/et_pb_section]<\/p>","_et_gb_content_width":"","footnotes":""},"class_list":["post-752","page","type-page","status-publish","hentry"],"yoast_head":"<!-- This site is optimized with the Yoast SEO plugin v27.3 - https:\/\/yoast.com\/product\/yoast-seo-wordpress\/ -->\n<title>Projectes d\u00b4obra - MJ Enginyeria<\/title>\n<meta name=\"description\" content=\"Us oferim la tramitaci\u00f3 del projecte i si cal la vostra direcci\u00f3\" \/>\n<meta name=\"robots\" content=\"index, follow, max-snippet:-1, max-image-preview:large, max-video-preview:-1\" \/>\n<link rel=\"canonical\" href=\"https:\/\/mjenginyeria.com\/ca\/projectes-dobra\/\" \/>\n<meta property=\"og:locale\" content=\"ca_ES\" \/>\n<meta property=\"og:type\" content=\"article\" \/>\n<meta property=\"og:title\" content=\"Projectes d\u00b4obra - MJ Enginyeria\" \/>\n<meta property=\"og:description\" content=\"Us oferim la tramitaci\u00f3 del projecte i si cal la vostra direcci\u00f3\" \/>\n<meta property=\"og:url\" content=\"https:\/\/mjenginyeria.com\/ca\/projectes-dobra\/\" \/>\n<meta property=\"og:site_name\" content=\"MJ Enginyeria\" \/>\n<meta property=\"article:modified_time\" content=\"2023-07-11T10:04:39+00:00\" \/>\n<meta name=\"twitter:card\" content=\"summary_large_image\" \/>\n<meta name=\"twitter:label1\" content=\"Temps estimat de lectura\" \/>\n\t<meta name=\"twitter:data1\" content=\"1 minut\" \/>\n<script type=\"application\/ld+json\" class=\"yoast-schema-graph\">{\"@context\":\"https:\\\/\\\/schema.org\",\"@graph\":[{\"@type\":\"WebPage\",\"@id\":\"https:\\\/\\\/mjenginyeria.com\\\/ca\\\/projectes-dobra\\\/\",\"url\":\"https:\\\/\\\/mjenginyeria.com\\\/ca\\\/projectes-dobra\\\/\",\"name\":\"Projectes d\u00b4obra - MJ Enginyeria\",\"isPartOf\":{\"@id\":\"https:\\\/\\\/mjenginyeria.com\\\/#website\"},\"datePublished\":\"2023-07-10T10:48:01+00:00\",\"dateModified\":\"2023-07-11T10:04:39+00:00\",\"description\":\"Us oferim la tramitaci\u00f3 del projecte i si cal la vostra direcci\u00f3\",\"breadcrumb\":{\"@id\":\"https:\\\/\\\/mjenginyeria.com\\\/ca\\\/projectes-dobra\\\/#breadcrumb\"},\"inLanguage\":\"ca\",\"potentialAction\":[{\"@type\":\"ReadAction\",\"target\":[\"https:\\\/\\\/mjenginyeria.com\\\/ca\\\/projectes-dobra\\\/\"]}]},{\"@type\":\"BreadcrumbList\",\"@id\":\"https:\\\/\\\/mjenginyeria.com\\\/ca\\\/projectes-dobra\\\/#breadcrumb\",\"itemListElement\":[{\"@type\":\"ListItem\",\"position\":1,\"name\":\"Home\",\"item\":\"https:\\\/\\\/mjenginyeria.com\\\/ca\\\/\"},{\"@type\":\"ListItem\",\"position\":2,\"name\":\"Projectes d\u00b4obra\"}]},{\"@type\":\"WebSite\",\"@id\":\"https:\\\/\\\/mjenginyeria.com\\\/#website\",\"url\":\"https:\\\/\\\/mjenginyeria.com\\\/\",\"name\":\"MJ Enginyeria\",\"description\":\"Serveis i legalitzacions a Barcelona\",\"publisher\":{\"@id\":\"https:\\\/\\\/mjenginyeria.com\\\/#organization\"},\"potentialAction\":[{\"@type\":\"SearchAction\",\"target\":{\"@type\":\"EntryPoint\",\"urlTemplate\":\"https:\\\/\\\/mjenginyeria.com\\\/?s={search_term_string}\"},\"query-input\":{\"@type\":\"PropertyValueSpecification\",\"valueRequired\":true,\"valueName\":\"search_term_string\"}}],\"inLanguage\":\"ca\"},{\"@type\":\"Organization\",\"@id\":\"https:\\\/\\\/mjenginyeria.com\\\/#organization\",\"name\":\"MJ Enginyeria\",\"url\":\"https:\\\/\\\/mjenginyeria.com\\\/\",\"logo\":{\"@type\":\"ImageObject\",\"inLanguage\":\"ca\",\"@id\":\"https:\\\/\\\/mjenginyeria.com\\\/#\\\/schema\\\/logo\\\/image\\\/\",\"url\":\"https:\\\/\\\/mjenginyeria.com\\\/wp-content\\\/uploads\\\/2023\\\/04\\\/header-logo-color_x2-min.png\",\"contentUrl\":\"https:\\\/\\\/mjenginyeria.com\\\/wp-content\\\/uploads\\\/2023\\\/04\\\/header-logo-color_x2-min.png\",\"width\":640,\"height\":90,\"caption\":\"MJ Enginyeria\"},\"image\":{\"@id\":\"https:\\\/\\\/mjenginyeria.com\\\/#\\\/schema\\\/logo\\\/image\\\/\"}}]}<\/script>\n<!-- \/ Yoast SEO plugin. -->","yoast_head_json":{"title":"Projectes d\u00b4obra - MJ Enginyeria","description":"Us oferim la tramitaci\u00f3 del projecte i si cal la vostra direcci\u00f3","robots":{"index":"index","follow":"follow","max-snippet":"max-snippet:-1","max-image-preview":"max-image-preview:large","max-video-preview":"max-video-preview:-1"},"canonical":"https:\/\/mjenginyeria.com\/ca\/projectes-dobra\/","og_locale":"ca_ES","og_type":"article","og_title":"Projectes d\u00b4obra - MJ Enginyeria","og_description":"Us oferim la tramitaci\u00f3 del projecte i si cal la vostra direcci\u00f3","og_url":"https:\/\/mjenginyeria.com\/ca\/projectes-dobra\/","og_site_name":"MJ Enginyeria","article_modified_time":"2023-07-11T10:04:39+00:00","twitter_card":"summary_large_image","twitter_misc":{"Temps estimat de lectura":"1 minut"},"schema":{"@context":"https:\/\/schema.org","@graph":[{"@type":"WebPage","@id":"https:\/\/mjenginyeria.com\/ca\/projectes-dobra\/","url":"https:\/\/mjenginyeria.com\/ca\/projectes-dobra\/","name":"Projectes d\u00b4obra - MJ Enginyeria","isPartOf":{"@id":"https:\/\/mjenginyeria.com\/#website"},"datePublished":"2023-07-10T10:48:01+00:00","dateModified":"2023-07-11T10:04:39+00:00","description":"Us oferim la tramitaci\u00f3 del projecte i si cal la vostra direcci\u00f3","breadcrumb":{"@id":"https:\/\/mjenginyeria.com\/ca\/projectes-dobra\/#breadcrumb"},"inLanguage":"ca","potentialAction":[{"@type":"ReadAction","target":["https:\/\/mjenginyeria.com\/ca\/projectes-dobra\/"]}]},{"@type":"BreadcrumbList","@id":"https:\/\/mjenginyeria.com\/ca\/projectes-dobra\/#breadcrumb","itemListElement":[{"@type":"ListItem","position":1,"name":"Home","item":"https:\/\/mjenginyeria.com\/ca\/"},{"@type":"ListItem","position":2,"name":"Projectes d\u00b4obra"}]},{"@type":"WebSite","@id":"https:\/\/mjenginyeria.com\/#website","url":"https:\/\/mjenginyeria.com\/","name":"MJ Enginyeria","description":"Serveis i legalitzacions a Barcelona","publisher":{"@id":"https:\/\/mjenginyeria.com\/#organization"},"potentialAction":[{"@type":"SearchAction","target":{"@type":"EntryPoint","urlTemplate":"https:\/\/mjenginyeria.com\/?s={search_term_string}"},"query-input":{"@type":"PropertyValueSpecification","valueRequired":true,"valueName":"search_term_string"}}],"inLanguage":"ca"},{"@type":"Organization","@id":"https:\/\/mjenginyeria.com\/#organization","name":"MJ Enginyeria","url":"https:\/\/mjenginyeria.com\/","logo":{"@type":"ImageObject","inLanguage":"ca","@id":"https:\/\/mjenginyeria.com\/#\/schema\/logo\/image\/","url":"https:\/\/mjenginyeria.com\/wp-content\/uploads\/2023\/04\/header-logo-color_x2-min.png","contentUrl":"https:\/\/mjenginyeria.com\/wp-content\/uploads\/2023\/04\/header-logo-color_x2-min.png","width":640,"height":90,"caption":"MJ Enginyeria"},"image":{"@id":"https:\/\/mjenginyeria.com\/#\/schema\/logo\/image\/"}}]}},"_links":{"self":[{"href":"https:\/\/mjenginyeria.com\/ca\/wp-json\/wp\/v2\/pages\/752","targetHints":{"allow":["GET"]}}],"collection":[{"href":"https:\/\/mjenginyeria.com\/ca\/wp-json\/wp\/v2\/pages"}],"about":[{"href":"https:\/\/mjenginyeria.com\/ca\/wp-json\/wp\/v2\/types\/page"}],"author":[{"embeddable":true,"href":"https:\/\/mjenginyeria.com\/ca\/wp-json\/wp\/v2\/users\/2"}],"replies":[{"embeddable":true,"href":"https:\/\/mjenginyeria.com\/ca\/wp-json\/wp\/v2\/comments?post=752"}],"version-history":[{"count":4,"href":"https:\/\/mjenginyeria.com\/ca\/wp-json\/wp\/v2\/pages\/752\/revisions"}],"predecessor-version":[{"id":757,"href":"https:\/\/mjenginyeria.com\/ca\/wp-json\/wp\/v2\/pages\/752\/revisions\/757"}],"wp:attachment":[{"href":"https:\/\/mjenginyeria.com\/ca\/wp-json\/wp\/v2\/media?parent=752"}],"curies":[{"name":"wp","href":"https:\/\/api.w.org\/{rel}","templated":true}]}}