{"id":750,"date":"2023-03-20T07:41:25","date_gmt":"2023-03-20T06:41:25","guid":{"rendered":"https:\/\/mjenginyeria.com\/?page_id=750"},"modified":"2023-07-11T12:02:24","modified_gmt":"2023-07-11T10:02:24","slug":"politica-de-privacitat","status":"publish","type":"page","link":"https:\/\/mjenginyeria.com\/ca\/politica-de-privacitat\/","title":{"rendered":"Pol\u00edtica de privacitat"},"content":{"rendered":"<p><strong>Data d&#8217;entrada en vig\u00e8ncia: 20 de maig de 2018<\/strong><\/p>\n<p><strong>MJ Enginyeria<\/strong>\u00a0es compromet a mantenir la seva privadesa. Poseu-vos en contacte amb nosaltres a in&#102;&#111;&#64;&#109;&#x6a;&#x65;&#x6e;&#x67;&#x69;ny&#101;&#114;&#105;&#97;&#x2e;&#x63;&#x6f;&#x6d; si teniu alguna pregunta o problema en relaci\u00f3 amb l&#8217;\u00fas de les vostres dades personals i estarem encantats d&#8217;atendre&#8217;l.<\/p>\n<p>En utilitzar aquest lloc i\/o els nostres serveis, vost\u00e8 consenteix l&#8217;emmagatzematge i maneig de les seves dades personals tal com es descriu en aquesta pol\u00edtica de privadesa.<\/p>\n<p>&nbsp;<\/p>\n<h2><\/h2>\n<h2>Definicions<\/h2>\n<p>&nbsp;<\/p>\n<ul>\n<li><strong>Dades personals<\/strong>. Qualsevol informaci\u00f3 relativa a una persona f\u00edsica identificada o identificable.<\/li>\n<li><strong>Processament<\/strong>. Qualsevol operaci\u00f3 o conjunt d&#8217;operacions que es fan sobre dades personals o conjunts de dades personals.<\/li>\n<li><strong>Titular de les dades<\/strong>. Persona f\u00edsica les dades personals de la qual estan sent tractades.<\/li>\n<li><strong>Nosaltres<\/strong>. MJ Enginyeria.<\/li>\n<\/ul>\n<p>&nbsp;<\/p>\n<h2>Dades que recopilem<\/h2>\n<p>&nbsp;<\/p>\n<p><strong>Informaci\u00f3 que ens ha proporcionat<\/strong><br \/>\nAquesta podria ser la seva adre\u00e7a de correu electr\u00f2nic, nom, adre\u00e7a de facturaci\u00f3, adre\u00e7a de domicili, etc., principalment informaci\u00f3 necess\u00e0ria per lliurar-li un producte\/servei o per millorar la seva experi\u00e8ncia com a client nostre. Desem la informaci\u00f3 que ens proporciona perqu\u00e8 puguem realitzar altres activitats en aquest lloc web.<\/p>\n<p><strong>Informaci\u00f3 recopilada autom\u00e0ticament sobre vost\u00e8<\/strong><br \/>\nAix\u00f2 inclou informaci\u00f3 que s&#8217;emmagatzema autom\u00e0ticament mitjan\u00e7ant galetes i altres eines de sessi\u00f3; per exemple, la vostra adre\u00e7a IP, etc. Aquesta informaci\u00f3 s&#8217;utilitza per millorar la vostra experi\u00e8ncia d&#8217;usuari. Quan utilitzeu els nostres serveis, les vostres activitats poden ser registrades.<\/p>\n<p>&nbsp;<\/p>\n<h2><\/h2>\n<h2>Com utilitzem les vostres dades personals<\/h2>\n<p>&nbsp;<\/p>\n<p>Utilitzem les vostres dades personals per motius leg\u00edtims i\/o amb el vostre consentiment per als seg\u00fcents fins:<\/p>\n<ul>\n<li>Proporcionar el nostre servei. Aix\u00f2 inclou, per exemple, el registre del vostre compte; l&#8217;acc\u00e9s als articles i\/o cat\u00e0legs de venda espec\u00edfics, aix\u00ed com productes i serveis que hagi sol\u00b7licitat.<\/li>\n<li>Millorar la seva experi\u00e8ncia dusuari al lloc web.<\/li>\n<li>Complir una obligaci\u00f3 legal o contractual.<\/li>\n<li>Per identificar-lo.<\/li>\n<li>Per proporcionar un servei o oferir un producte.<\/li>\n<li>Per comunicar-nos amb vost\u00e8, ja sigui per a vendes o facturaci\u00f3.<\/li>\n<\/ul>\n<p>&nbsp;<\/p>\n<p>Canvis a aquesta Pol\u00edtica de Privadesa[<\/p>\n<p>Ens reservem el dret de fer canvis a aquesta Pol\u00edtica de Privadesa.<br \/>\n\u00daltima modificaci\u00f3: 20 de mar\u00e7 de 2023.<\/p>\n<p>&nbsp;<\/p>\n","protected":false},"excerpt":{"rendered":"<p>Data d&#8217;entrada en vig\u00e8ncia: 20 de maig de 2018 MJ Enginyeria\u00a0es compromet a mantenir la seva privadesa. Poseu-vos en contacte amb nosaltres a &#x69;&#x6e;&#x66;&#x6f;&#x40;&#x6d;&#x6a;&#x65;&#110;&#103;&#105;&#110;&#121;&#101;&#114;ia&#46;c&#x6f;&#x6d; si teniu alguna pregunta o problema en relaci\u00f3 amb l&#8217;\u00fas de les vostres dades personals i estarem encantats d&#8217;atendre&#8217;l. En utilitzar aquest lloc i\/o els nostres serveis, vost\u00e8 consenteix l&#8217;emmagatzematge i [&hellip;]<\/p>\n","protected":false},"author":2,"featured_media":0,"parent":0,"menu_order":0,"comment_status":"closed","ping_status":"open","template":"","meta":{"_et_pb_use_builder":"","_et_pb_old_content":"","_et_gb_content_width":"","footnotes":""},"class_list":["post-750","page","type-page","status-publish","hentry"],"yoast_head":"<!-- This site is optimized with the Yoast SEO plugin v27.3 - https:\/\/yoast.com\/product\/yoast-seo-wordpress\/ -->\n<title>Pol\u00edtica de privacitat - MJ Enginyeria<\/title>\n<meta name=\"robots\" content=\"index, follow, max-snippet:-1, max-image-preview:large, max-video-preview:-1\" \/>\n<link rel=\"canonical\" href=\"https:\/\/mjenginyeria.com\/ca\/politica-de-privacitat\/\" \/>\n<meta property=\"og:locale\" content=\"ca_ES\" \/>\n<meta property=\"og:type\" content=\"article\" \/>\n<meta property=\"og:title\" content=\"Pol\u00edtica de privacitat - MJ Enginyeria\" \/>\n<meta property=\"og:description\" content=\"Data d&#8217;entrada en vig\u00e8ncia: 20 de maig de 2018 MJ Enginyeria\u00a0es compromet a mantenir la seva privadesa. Poseu-vos en contacte amb nosaltres a &#x69;n&#x66;&#111;&#x40;&#109;&#x6a;&#x65;n&#x67;&#105;&#x6e;&#121;&#x65;&#114;i&#x61;&#046;&#x63;&#111;&#x6d; si teniu alguna pregunta o problema en relaci\u00f3 amb l&#8217;\u00fas de les vostres dades personals i estarem encantats d&#8217;atendre&#8217;l. En utilitzar aquest lloc i\/o els nostres serveis, vost\u00e8 consenteix l&#8217;emmagatzematge i [&hellip;]\" \/>\n<meta property=\"og:url\" content=\"https:\/\/mjenginyeria.com\/ca\/politica-de-privacitat\/\" \/>\n<meta property=\"og:site_name\" content=\"MJ Enginyeria\" \/>\n<meta property=\"article:modified_time\" content=\"2023-07-11T10:02:24+00:00\" \/>\n<meta name=\"twitter:card\" content=\"summary_large_image\" \/>\n<meta name=\"twitter:label1\" content=\"Temps estimat de lectura\" \/>\n\t<meta name=\"twitter:data1\" content=\"2 minuts\" \/>\n<script type=\"application\/ld+json\" class=\"yoast-schema-graph\">{\"@context\":\"https:\\\/\\\/schema.org\",\"@graph\":[{\"@type\":\"WebPage\",\"@id\":\"https:\\\/\\\/mjenginyeria.com\\\/ca\\\/politica-de-privacitat\\\/\",\"url\":\"https:\\\/\\\/mjenginyeria.com\\\/ca\\\/politica-de-privacitat\\\/\",\"name\":\"Pol\u00edtica de privacitat - MJ Enginyeria\",\"isPartOf\":{\"@id\":\"https:\\\/\\\/mjenginyeria.com\\\/#website\"},\"datePublished\":\"2023-03-20T06:41:25+00:00\",\"dateModified\":\"2023-07-11T10:02:24+00:00\",\"breadcrumb\":{\"@id\":\"https:\\\/\\\/mjenginyeria.com\\\/ca\\\/politica-de-privacitat\\\/#breadcrumb\"},\"inLanguage\":\"ca\",\"potentialAction\":[{\"@type\":\"ReadAction\",\"target\":[\"https:\\\/\\\/mjenginyeria.com\\\/ca\\\/politica-de-privacitat\\\/\"]}]},{\"@type\":\"BreadcrumbList\",\"@id\":\"https:\\\/\\\/mjenginyeria.com\\\/ca\\\/politica-de-privacitat\\\/#breadcrumb\",\"itemListElement\":[{\"@type\":\"ListItem\",\"position\":1,\"name\":\"Home\",\"item\":\"https:\\\/\\\/mjenginyeria.com\\\/ca\\\/\"},{\"@type\":\"ListItem\",\"position\":2,\"name\":\"Pol\u00edtica de privacitat\"}]},{\"@type\":\"WebSite\",\"@id\":\"https:\\\/\\\/mjenginyeria.com\\\/#website\",\"url\":\"https:\\\/\\\/mjenginyeria.com\\\/\",\"name\":\"MJ Enginyeria\",\"description\":\"Serveis i legalitzacions a Barcelona\",\"publisher\":{\"@id\":\"https:\\\/\\\/mjenginyeria.com\\\/#organization\"},\"potentialAction\":[{\"@type\":\"SearchAction\",\"target\":{\"@type\":\"EntryPoint\",\"urlTemplate\":\"https:\\\/\\\/mjenginyeria.com\\\/?s={search_term_string}\"},\"query-input\":{\"@type\":\"PropertyValueSpecification\",\"valueRequired\":true,\"valueName\":\"search_term_string\"}}],\"inLanguage\":\"ca\"},{\"@type\":\"Organization\",\"@id\":\"https:\\\/\\\/mjenginyeria.com\\\/#organization\",\"name\":\"MJ Enginyeria\",\"url\":\"https:\\\/\\\/mjenginyeria.com\\\/\",\"logo\":{\"@type\":\"ImageObject\",\"inLanguage\":\"ca\",\"@id\":\"https:\\\/\\\/mjenginyeria.com\\\/#\\\/schema\\\/logo\\\/image\\\/\",\"url\":\"https:\\\/\\\/mjenginyeria.com\\\/wp-content\\\/uploads\\\/2023\\\/04\\\/header-logo-color_x2-min.png\",\"contentUrl\":\"https:\\\/\\\/mjenginyeria.com\\\/wp-content\\\/uploads\\\/2023\\\/04\\\/header-logo-color_x2-min.png\",\"width\":640,\"height\":90,\"caption\":\"MJ Enginyeria\"},\"image\":{\"@id\":\"https:\\\/\\\/mjenginyeria.com\\\/#\\\/schema\\\/logo\\\/image\\\/\"}}]}<\/script>\n<!-- \/ Yoast SEO plugin. -->","yoast_head_json":{"title":"Pol\u00edtica de privacitat - MJ Enginyeria","robots":{"index":"index","follow":"follow","max-snippet":"max-snippet:-1","max-image-preview":"max-image-preview:large","max-video-preview":"max-video-preview:-1"},"canonical":"https:\/\/mjenginyeria.com\/ca\/politica-de-privacitat\/","og_locale":"ca_ES","og_type":"article","og_title":"Pol\u00edtica de privacitat - MJ Enginyeria","og_description":"Data d&#8217;entrada en vig\u00e8ncia: 20 de maig de 2018 MJ Enginyeria\u00a0es compromet a mantenir la seva privadesa. Poseu-vos en contacte amb nosaltres a &#x69;n&#x66;&#111;&#x40;&#109;&#x6a;&#x65;n&#x67;&#105;&#x6e;&#121;&#x65;&#114;i&#x61;&#46;&#x63;&#111;&#x6d; si teniu alguna pregunta o problema en relaci\u00f3 amb l&#8217;\u00fas de les vostres dades personals i estarem encantats d&#8217;atendre&#8217;l. En utilitzar aquest lloc i\/o els nostres serveis, vost\u00e8 consenteix l&#8217;emmagatzematge i [&hellip;]","og_url":"https:\/\/mjenginyeria.com\/ca\/politica-de-privacitat\/","og_site_name":"MJ Enginyeria","article_modified_time":"2023-07-11T10:02:24+00:00","twitter_card":"summary_large_image","twitter_misc":{"Temps estimat de lectura":"2 minuts"},"schema":{"@context":"https:\/\/schema.org","@graph":[{"@type":"WebPage","@id":"https:\/\/mjenginyeria.com\/ca\/politica-de-privacitat\/","url":"https:\/\/mjenginyeria.com\/ca\/politica-de-privacitat\/","name":"Pol\u00edtica de privacitat - MJ Enginyeria","isPartOf":{"@id":"https:\/\/mjenginyeria.com\/#website"},"datePublished":"2023-03-20T06:41:25+00:00","dateModified":"2023-07-11T10:02:24+00:00","breadcrumb":{"@id":"https:\/\/mjenginyeria.com\/ca\/politica-de-privacitat\/#breadcrumb"},"inLanguage":"ca","potentialAction":[{"@type":"ReadAction","target":["https:\/\/mjenginyeria.com\/ca\/politica-de-privacitat\/"]}]},{"@type":"BreadcrumbList","@id":"https:\/\/mjenginyeria.com\/ca\/politica-de-privacitat\/#breadcrumb","itemListElement":[{"@type":"ListItem","position":1,"name":"Home","item":"https:\/\/mjenginyeria.com\/ca\/"},{"@type":"ListItem","position":2,"name":"Pol\u00edtica de privacitat"}]},{"@type":"WebSite","@id":"https:\/\/mjenginyeria.com\/#website","url":"https:\/\/mjenginyeria.com\/","name":"MJ Enginyeria","description":"Serveis i legalitzacions a Barcelona","publisher":{"@id":"https:\/\/mjenginyeria.com\/#organization"},"potentialAction":[{"@type":"SearchAction","target":{"@type":"EntryPoint","urlTemplate":"https:\/\/mjenginyeria.com\/?s={search_term_string}"},"query-input":{"@type":"PropertyValueSpecification","valueRequired":true,"valueName":"search_term_string"}}],"inLanguage":"ca"},{"@type":"Organization","@id":"https:\/\/mjenginyeria.com\/#organization","name":"MJ Enginyeria","url":"https:\/\/mjenginyeria.com\/","logo":{"@type":"ImageObject","inLanguage":"ca","@id":"https:\/\/mjenginyeria.com\/#\/schema\/logo\/image\/","url":"https:\/\/mjenginyeria.com\/wp-content\/uploads\/2023\/04\/header-logo-color_x2-min.png","contentUrl":"https:\/\/mjenginyeria.com\/wp-content\/uploads\/2023\/04\/header-logo-color_x2-min.png","width":640,"height":90,"caption":"MJ Enginyeria"},"image":{"@id":"https:\/\/mjenginyeria.com\/#\/schema\/logo\/image\/"}}]}},"_links":{"self":[{"href":"https:\/\/mjenginyeria.com\/ca\/wp-json\/wp\/v2\/pages\/750","targetHints":{"allow":["GET"]}}],"collection":[{"href":"https:\/\/mjenginyeria.com\/ca\/wp-json\/wp\/v2\/pages"}],"about":[{"href":"https:\/\/mjenginyeria.com\/ca\/wp-json\/wp\/v2\/types\/page"}],"author":[{"embeddable":true,"href":"https:\/\/mjenginyeria.com\/ca\/wp-json\/wp\/v2\/users\/2"}],"replies":[{"embeddable":true,"href":"https:\/\/mjenginyeria.com\/ca\/wp-json\/wp\/v2\/comments?post=750"}],"version-history":[{"count":1,"href":"https:\/\/mjenginyeria.com\/ca\/wp-json\/wp\/v2\/pages\/750\/revisions"}],"predecessor-version":[{"id":751,"href":"https:\/\/mjenginyeria.com\/ca\/wp-json\/wp\/v2\/pages\/750\/revisions\/751"}],"wp:attachment":[{"href":"https:\/\/mjenginyeria.com\/ca\/wp-json\/wp\/v2\/media?parent=750"}],"curies":[{"name":"wp","href":"https:\/\/api.w.org\/{rel}","templated":true}]}}