{"id":740,"date":"2023-07-10T12:46:14","date_gmt":"2023-07-10T10:46:14","guid":{"rendered":"https:\/\/mjenginyeria.com\/legalizaciones-permisos-de-apertura-y-licencia-de-actividades\/"},"modified":"2023-07-11T11:56:34","modified_gmt":"2023-07-11T09:56:34","slug":"legalitzacions-permisos-dobertura-i-llicencia-dactivitats","status":"publish","type":"page","link":"https:\/\/mjenginyeria.com\/ca\/legalitzacions-permisos-dobertura-i-llicencia-dactivitats\/","title":{"rendered":"Legalitzacions, permisos d&#8217;obertura i llic\u00e8ncia d&#8217;activitats"},"content":{"rendered":"<p>[et_pb_section fb_built=&#8221;1&#8243; fullwidth=&#8221;on&#8221; _builder_version=&#8221;4.21.0&#8243; _module_preset=&#8221;default&#8221; global_colors_info=&#8221;{}&#8221;][et_pb_fullwidth_slider _builder_version=&#8221;4.21.0&#8243; _module_preset=&#8221;default&#8221; hover_enabled=&#8221;0&#8243; global_colors_info=&#8221;{}&#8221; sticky_enabled=&#8221;0&#8243;][et_pb_slide heading=&#8221;Legalitzacions, permisos d&#8217;obertura<br \/>i llic\u00e8ncia d&#8217;activitats&#8221; _builder_version=&#8221;4.21.0&#8243; _module_preset=&#8221;default&#8221; header_text_align=&#8221;right&#8221; header_text_color=&#8221;#FFFFFF&#8221; background_enable_color=&#8221;off&#8221; background_image=&#8221;https:\/\/mjenginyeria.com\/wp-content\/uploads\/2023\/04\/hero-section.jpg&#8221; background_enable_image=&#8221;on&#8221; custom_padding=&#8221;100px||100px||false|false&#8221; hover_enabled=&#8221;0&#8243; header_text_shadow_style=&#8221;preset3&#8243; global_colors_info=&#8221;{}&#8221; sticky_transition=&#8221;on&#8221; sticky_enabled=&#8221;0&#8243;][\/et_pb_slide][\/et_pb_fullwidth_slider][\/et_pb_section][et_pb_section fb_built=&#8221;1&#8243; _builder_version=&#8221;4.16&#8243; global_colors_info=&#8221;{}&#8221;][et_pb_row column_structure=&#8221;2_3,1_3&#8243; _builder_version=&#8221;4.16&#8243; background_size=&#8221;initial&#8221; background_position=&#8221;top_left&#8221; background_repeat=&#8221;repeat&#8221; global_colors_info=&#8221;{}&#8221;][et_pb_column type=&#8221;2_3&#8243; _builder_version=&#8221;4.16&#8243; custom_padding=&#8221;|||&#8221; global_colors_info=&#8221;{}&#8221; custom_padding__hover=&#8221;|||&#8221;][et_pb_text _builder_version=&#8221;4.21.0&#8243; background_size=&#8221;initial&#8221; background_position=&#8221;top_left&#8221; background_repeat=&#8221;repeat&#8221; hover_enabled=&#8221;0&#8243; global_colors_info=&#8221;{}&#8221; sticky_enabled=&#8221;0&#8243;]<\/p>\n<h1>Legalitzacions, permisos d&#8217;obertura i llic\u00e8ncia d&#8217;activitats<\/h1>\n<p>&nbsp;<\/p>\n<p>El perm\u00eds dobertura \u00e9s un tr\u00e0mit municipal obligatori per a qualsevol activitat de serveis, industrial, locals comercials, naus, restauraci\u00f3, etc. El perm\u00eds es concedeix al titular del negoci sigui com sigui persona f\u00edsica o jur\u00eddica, i sempre es fa sobre el local o la nau amb la seva implantaci\u00f3 com a activitat. En funci\u00f3 de cada circumst\u00e0ncia i activitat es fa un tipus espec\u00edfic de legalitzaci\u00f3.<\/p>\n<p>El procediment que cal seguir \u00e9s que una vegada la documentaci\u00f3, el certificat i el projecte si escau estigui feta es presenta a l&#8217;ajuntament, el qual emet un rebut acreditatiu d&#8217;haver rebut la sol\u00b7licitud i en aquell moment l&#8217;activitat ja es pot exercir. En cas que hi hagi discrep\u00e0ncies ( dubtes o manca d&#8217;informaci\u00f3 en el projecte d&#8217;obertura per part de l&#8217;organisme oficial), seran contestades sense cap cost ja que formen part de l&#8217;expedient. Les tasses municipals s&#8217;emeten a l&#8217;hora de presentar la documentaci\u00f3, aquestes van en funci\u00f3 de l&#8217;activitat a exercir, m2, ubicaci\u00f3 del negoci, etc.<\/p>\n<p>No dubteu a preguntar-nos i sense cap comprom\u00eds i cost us ajudarem a veure les possibilitats.<\/p>\n<p>&nbsp;<\/p>\n<p>[\/et_pb_text][\/et_pb_column][et_pb_column type=&#8221;1_3&#8243; _builder_version=&#8221;4.16&#8243; custom_padding=&#8221;|||&#8221; global_colors_info=&#8221;{}&#8221; custom_padding__hover=&#8221;|||&#8221;][et_pb_image src=&#8221;https:\/\/mjenginyeria.com\/wp-content\/uploads\/2023\/04\/servei-legalitzacions-inside.jpg&#8221; alt=&#8221;servicio de legalizaciones en Barcelona&#8221; _builder_version=&#8221;4.21.0&#8243; _module_preset=&#8221;default&#8221; animation_style=&#8221;fade&#8221; animation_duration=&#8221;2000ms&#8221; border_radii=&#8221;on|10px|10px|10px|10px&#8221; box_shadow_style=&#8221;preset1&#8243; global_colors_info=&#8221;{}&#8221;][\/et_pb_image][\/et_pb_column][\/et_pb_row][\/et_pb_section]<\/p>\n","protected":false},"excerpt":{"rendered":"<p>Legalitzacions, permisos d&#8217;obertura i llic\u00e8ncia d&#8217;activitats &nbsp; El perm\u00eds dobertura \u00e9s un tr\u00e0mit municipal obligatori per a qualsevol activitat de serveis, industrial, locals comercials, naus, restauraci\u00f3, etc. El perm\u00eds es concedeix al titular del negoci sigui com sigui persona f\u00edsica o jur\u00eddica, i sempre es fa sobre el local o la nau amb la seva [&hellip;]<\/p>\n","protected":false},"author":2,"featured_media":0,"parent":0,"menu_order":0,"comment_status":"closed","ping_status":"closed","template":"","meta":{"_et_pb_use_builder":"on","_et_pb_old_content":"<p>El permiso de apertura es un tr\u00e1mite municipal obligatorio para cualquier actividad de servicios, industrial, locales comerciales, naves, restauraci\u00f3n, etc. El permiso se concede al titular del negocio a toda costa persona f\u00edsica o jur\u00eddica, y siempre se hace sobre el local o la nave con su implantaci\u00f3n como actividad. En funci\u00f3n de cada circunstancia y actividad se hace un tipo espec\u00edfico de legalizaci\u00f3n,<\/p><div class=\"team-desc\"><p>El procedimiento a seguir es que una vez la documentaci\u00f3n, el certificado y el proyecto en su caso est\u00e9 hecha se presenta al ayuntamiento, el cual emite un recibo acreditativo de haber recibido la solicitud y en ese momento la actividad ya puede ejercerse. En el supuesto de haber discrepancias ( dudas o falta de informaci\u00f3n en el proyecto de apertura por parte del organismo oficial), ser\u00e1n contestadas sin coste alguno ya que forman parte del expediente. Las tazas municipales se emiten en el momento de presentar la documentaci\u00f3n, \u00e9stas van en funci\u00f3n de la actividad a desempe\u00f1ar, m2, ubicaci\u00f3n del negocio, etc.<\/p><p>No dude en preguntarnos y sin ning\u00fan compromiso y coste le ayudaremos a ver las posibilidades.<\/p><\/div>","_et_gb_content_width":"","footnotes":""},"class_list":["post-740","page","type-page","status-publish","hentry"],"yoast_head":"<!-- This site is optimized with the Yoast SEO plugin v27.3 - https:\/\/yoast.com\/product\/yoast-seo-wordpress\/ -->\n<title>Legalitzacions, permisos d&#039;obertura i llic\u00e8ncia d&#039;activitats - MJ Enginyeria<\/title>\n<meta name=\"description\" content=\"Legalitzacions, permisos d&#039;obertura i llic\u00e8ncia d&#039;activitats a Barcelona\" \/>\n<meta name=\"robots\" content=\"index, follow, max-snippet:-1, max-image-preview:large, max-video-preview:-1\" \/>\n<link rel=\"canonical\" href=\"https:\/\/mjenginyeria.com\/ca\/legalitzacions-permisos-dobertura-i-llicencia-dactivitats\/\" \/>\n<meta property=\"og:locale\" content=\"ca_ES\" \/>\n<meta property=\"og:type\" content=\"article\" \/>\n<meta property=\"og:title\" content=\"Legalitzacions, permisos d&#039;obertura i llic\u00e8ncia d&#039;activitats - MJ Enginyeria\" \/>\n<meta property=\"og:description\" content=\"Legalitzacions, permisos d&#039;obertura i llic\u00e8ncia d&#039;activitats a Barcelona\" \/>\n<meta property=\"og:url\" content=\"https:\/\/mjenginyeria.com\/ca\/legalitzacions-permisos-dobertura-i-llicencia-dactivitats\/\" \/>\n<meta property=\"og:site_name\" content=\"MJ Enginyeria\" \/>\n<meta property=\"article:modified_time\" content=\"2023-07-11T09:56:34+00:00\" \/>\n<meta name=\"twitter:card\" content=\"summary_large_image\" \/>\n<meta name=\"twitter:label1\" content=\"Temps estimat de lectura\" \/>\n\t<meta name=\"twitter:data1\" content=\"2 minuts\" \/>\n<script type=\"application\/ld+json\" class=\"yoast-schema-graph\">{\"@context\":\"https:\\\/\\\/schema.org\",\"@graph\":[{\"@type\":\"WebPage\",\"@id\":\"https:\\\/\\\/mjenginyeria.com\\\/ca\\\/legalitzacions-permisos-dobertura-i-llicencia-dactivitats\\\/\",\"url\":\"https:\\\/\\\/mjenginyeria.com\\\/ca\\\/legalitzacions-permisos-dobertura-i-llicencia-dactivitats\\\/\",\"name\":\"Legalitzacions, permisos d'obertura i llic\u00e8ncia d'activitats - MJ Enginyeria\",\"isPartOf\":{\"@id\":\"https:\\\/\\\/mjenginyeria.com\\\/#website\"},\"datePublished\":\"2023-07-10T10:46:14+00:00\",\"dateModified\":\"2023-07-11T09:56:34+00:00\",\"description\":\"Legalitzacions, permisos d'obertura i llic\u00e8ncia d'activitats a Barcelona\",\"breadcrumb\":{\"@id\":\"https:\\\/\\\/mjenginyeria.com\\\/ca\\\/legalitzacions-permisos-dobertura-i-llicencia-dactivitats\\\/#breadcrumb\"},\"inLanguage\":\"ca\",\"potentialAction\":[{\"@type\":\"ReadAction\",\"target\":[\"https:\\\/\\\/mjenginyeria.com\\\/ca\\\/legalitzacions-permisos-dobertura-i-llicencia-dactivitats\\\/\"]}]},{\"@type\":\"BreadcrumbList\",\"@id\":\"https:\\\/\\\/mjenginyeria.com\\\/ca\\\/legalitzacions-permisos-dobertura-i-llicencia-dactivitats\\\/#breadcrumb\",\"itemListElement\":[{\"@type\":\"ListItem\",\"position\":1,\"name\":\"Home\",\"item\":\"https:\\\/\\\/mjenginyeria.com\\\/ca\\\/\"},{\"@type\":\"ListItem\",\"position\":2,\"name\":\"Legalitzacions, permisos d&#8217;obertura i llic\u00e8ncia d&#8217;activitats\"}]},{\"@type\":\"WebSite\",\"@id\":\"https:\\\/\\\/mjenginyeria.com\\\/#website\",\"url\":\"https:\\\/\\\/mjenginyeria.com\\\/\",\"name\":\"MJ Enginyeria\",\"description\":\"Serveis i legalitzacions a Barcelona\",\"publisher\":{\"@id\":\"https:\\\/\\\/mjenginyeria.com\\\/#organization\"},\"potentialAction\":[{\"@type\":\"SearchAction\",\"target\":{\"@type\":\"EntryPoint\",\"urlTemplate\":\"https:\\\/\\\/mjenginyeria.com\\\/?s={search_term_string}\"},\"query-input\":{\"@type\":\"PropertyValueSpecification\",\"valueRequired\":true,\"valueName\":\"search_term_string\"}}],\"inLanguage\":\"ca\"},{\"@type\":\"Organization\",\"@id\":\"https:\\\/\\\/mjenginyeria.com\\\/#organization\",\"name\":\"MJ Enginyeria\",\"url\":\"https:\\\/\\\/mjenginyeria.com\\\/\",\"logo\":{\"@type\":\"ImageObject\",\"inLanguage\":\"ca\",\"@id\":\"https:\\\/\\\/mjenginyeria.com\\\/#\\\/schema\\\/logo\\\/image\\\/\",\"url\":\"https:\\\/\\\/mjenginyeria.com\\\/wp-content\\\/uploads\\\/2023\\\/04\\\/header-logo-color_x2-min.png\",\"contentUrl\":\"https:\\\/\\\/mjenginyeria.com\\\/wp-content\\\/uploads\\\/2023\\\/04\\\/header-logo-color_x2-min.png\",\"width\":640,\"height\":90,\"caption\":\"MJ Enginyeria\"},\"image\":{\"@id\":\"https:\\\/\\\/mjenginyeria.com\\\/#\\\/schema\\\/logo\\\/image\\\/\"}}]}<\/script>\n<!-- \/ Yoast SEO plugin. -->","yoast_head_json":{"title":"Legalitzacions, permisos d'obertura i llic\u00e8ncia d'activitats - MJ Enginyeria","description":"Legalitzacions, permisos d'obertura i llic\u00e8ncia d'activitats a Barcelona","robots":{"index":"index","follow":"follow","max-snippet":"max-snippet:-1","max-image-preview":"max-image-preview:large","max-video-preview":"max-video-preview:-1"},"canonical":"https:\/\/mjenginyeria.com\/ca\/legalitzacions-permisos-dobertura-i-llicencia-dactivitats\/","og_locale":"ca_ES","og_type":"article","og_title":"Legalitzacions, permisos d'obertura i llic\u00e8ncia d'activitats - MJ Enginyeria","og_description":"Legalitzacions, permisos d'obertura i llic\u00e8ncia d'activitats a Barcelona","og_url":"https:\/\/mjenginyeria.com\/ca\/legalitzacions-permisos-dobertura-i-llicencia-dactivitats\/","og_site_name":"MJ Enginyeria","article_modified_time":"2023-07-11T09:56:34+00:00","twitter_card":"summary_large_image","twitter_misc":{"Temps estimat de lectura":"2 minuts"},"schema":{"@context":"https:\/\/schema.org","@graph":[{"@type":"WebPage","@id":"https:\/\/mjenginyeria.com\/ca\/legalitzacions-permisos-dobertura-i-llicencia-dactivitats\/","url":"https:\/\/mjenginyeria.com\/ca\/legalitzacions-permisos-dobertura-i-llicencia-dactivitats\/","name":"Legalitzacions, permisos d'obertura i llic\u00e8ncia d'activitats - MJ Enginyeria","isPartOf":{"@id":"https:\/\/mjenginyeria.com\/#website"},"datePublished":"2023-07-10T10:46:14+00:00","dateModified":"2023-07-11T09:56:34+00:00","description":"Legalitzacions, permisos d'obertura i llic\u00e8ncia d'activitats a Barcelona","breadcrumb":{"@id":"https:\/\/mjenginyeria.com\/ca\/legalitzacions-permisos-dobertura-i-llicencia-dactivitats\/#breadcrumb"},"inLanguage":"ca","potentialAction":[{"@type":"ReadAction","target":["https:\/\/mjenginyeria.com\/ca\/legalitzacions-permisos-dobertura-i-llicencia-dactivitats\/"]}]},{"@type":"BreadcrumbList","@id":"https:\/\/mjenginyeria.com\/ca\/legalitzacions-permisos-dobertura-i-llicencia-dactivitats\/#breadcrumb","itemListElement":[{"@type":"ListItem","position":1,"name":"Home","item":"https:\/\/mjenginyeria.com\/ca\/"},{"@type":"ListItem","position":2,"name":"Legalitzacions, permisos d&#8217;obertura i llic\u00e8ncia d&#8217;activitats"}]},{"@type":"WebSite","@id":"https:\/\/mjenginyeria.com\/#website","url":"https:\/\/mjenginyeria.com\/","name":"MJ Enginyeria","description":"Serveis i legalitzacions a Barcelona","publisher":{"@id":"https:\/\/mjenginyeria.com\/#organization"},"potentialAction":[{"@type":"SearchAction","target":{"@type":"EntryPoint","urlTemplate":"https:\/\/mjenginyeria.com\/?s={search_term_string}"},"query-input":{"@type":"PropertyValueSpecification","valueRequired":true,"valueName":"search_term_string"}}],"inLanguage":"ca"},{"@type":"Organization","@id":"https:\/\/mjenginyeria.com\/#organization","name":"MJ Enginyeria","url":"https:\/\/mjenginyeria.com\/","logo":{"@type":"ImageObject","inLanguage":"ca","@id":"https:\/\/mjenginyeria.com\/#\/schema\/logo\/image\/","url":"https:\/\/mjenginyeria.com\/wp-content\/uploads\/2023\/04\/header-logo-color_x2-min.png","contentUrl":"https:\/\/mjenginyeria.com\/wp-content\/uploads\/2023\/04\/header-logo-color_x2-min.png","width":640,"height":90,"caption":"MJ Enginyeria"},"image":{"@id":"https:\/\/mjenginyeria.com\/#\/schema\/logo\/image\/"}}]}},"_links":{"self":[{"href":"https:\/\/mjenginyeria.com\/ca\/wp-json\/wp\/v2\/pages\/740","targetHints":{"allow":["GET"]}}],"collection":[{"href":"https:\/\/mjenginyeria.com\/ca\/wp-json\/wp\/v2\/pages"}],"about":[{"href":"https:\/\/mjenginyeria.com\/ca\/wp-json\/wp\/v2\/types\/page"}],"author":[{"embeddable":true,"href":"https:\/\/mjenginyeria.com\/ca\/wp-json\/wp\/v2\/users\/2"}],"replies":[{"embeddable":true,"href":"https:\/\/mjenginyeria.com\/ca\/wp-json\/wp\/v2\/comments?post=740"}],"version-history":[{"count":3,"href":"https:\/\/mjenginyeria.com\/ca\/wp-json\/wp\/v2\/pages\/740\/revisions"}],"predecessor-version":[{"id":744,"href":"https:\/\/mjenginyeria.com\/ca\/wp-json\/wp\/v2\/pages\/740\/revisions\/744"}],"wp:attachment":[{"href":"https:\/\/mjenginyeria.com\/ca\/wp-json\/wp\/v2\/media?parent=740"}],"curies":[{"name":"wp","href":"https:\/\/api.w.org\/{rel}","templated":true}]}}