{"id":733,"date":"2023-07-10T12:49:15","date_gmt":"2023-07-10T10:49:15","guid":{"rendered":"https:\/\/mjenginyeria.com\/?page_id=733"},"modified":"2023-07-11T11:52:42","modified_gmt":"2023-07-11T09:52:42","slug":"instal%c2%b7lacio-dequips-de-pressio","status":"publish","type":"page","link":"https:\/\/mjenginyeria.com\/ca\/instal%c2%b7lacio-dequips-de-pressio\/","title":{"rendered":"Instal\u00b7laci\u00f3 d&#8217;equips de pressi\u00f3"},"content":{"rendered":"<p>[et_pb_section fb_built=&#8221;1&#8243; fullwidth=&#8221;on&#8221; _builder_version=&#8221;4.21.0&#8243; _module_preset=&#8221;default&#8221; global_colors_info=&#8221;{}&#8221;][et_pb_fullwidth_slider _builder_version=&#8221;4.21.0&#8243; _module_preset=&#8221;default&#8221; hover_enabled=&#8221;0&#8243; global_colors_info=&#8221;{}&#8221; sticky_enabled=&#8221;0&#8243;][et_pb_slide heading=&#8221;Instal\u00b7laci\u00f3 d&#8217;equips de pressi\u00f3&#8221; _builder_version=&#8221;4.21.0&#8243; _module_preset=&#8221;default&#8221; header_text_align=&#8221;right&#8221; header_text_color=&#8221;#FFFFFF&#8221; background_enable_color=&#8221;off&#8221; background_image=&#8221;https:\/\/mjenginyeria.com\/wp-content\/uploads\/2023\/04\/hero-section.jpg&#8221; background_enable_image=&#8221;on&#8221; custom_padding=&#8221;100px||100px||false|false&#8221; hover_enabled=&#8221;0&#8243; header_text_shadow_style=&#8221;preset3&#8243; global_colors_info=&#8221;{}&#8221; sticky_transition=&#8221;on&#8221; sticky_enabled=&#8221;0&#8243;][\/et_pb_slide][\/et_pb_fullwidth_slider][\/et_pb_section][et_pb_section fb_built=&#8221;1&#8243; _builder_version=&#8221;4.16&#8243; global_colors_info=&#8221;{}&#8221;][et_pb_row column_structure=&#8221;2_3,1_3&#8243; _builder_version=&#8221;4.16&#8243; background_size=&#8221;initial&#8221; background_position=&#8221;top_left&#8221; background_repeat=&#8221;repeat&#8221; global_colors_info=&#8221;{}&#8221;][et_pb_column type=&#8221;2_3&#8243; _builder_version=&#8221;4.16&#8243; custom_padding=&#8221;|||&#8221; global_colors_info=&#8221;{}&#8221; custom_padding__hover=&#8221;|||&#8221;][et_pb_text _builder_version=&#8221;4.21.0&#8243; background_size=&#8221;initial&#8221; background_position=&#8221;top_left&#8221; background_repeat=&#8221;repeat&#8221; hover_enabled=&#8221;0&#8243; global_colors_info=&#8221;{}&#8221; sticky_enabled=&#8221;0&#8243;]<\/p>\n<h1>Instal\u00b7laci\u00f3 d&#8217;equips de pressi\u00f3<\/h1>\n<p>&nbsp;<\/p>\n<p>Com a empresa realitzem el projecte t\u00e8cnic per la instal\u00b7laci\u00f3 d&#8217;equips a pressi\u00f3 d&#8217;alt risc a les localitzacions que s&#8217;hi indiquin. Es realitza un estudi previ de la viabilitat del projecte \u201cin situ\u201d amb el client, es realitza el projecte t\u00e8cnic, se supervisa la instal\u00b7laci\u00f3 i s&#8217;assisteix a les inspeccions de posada en servei realitzada per part d&#8217;un organisme de control autoritzat amb qu\u00e8 treballem habitualment.<\/p>\n<p><strong>Com podeu saber si la instal\u00b7laci\u00f3 que ha de realitzar necessita projecte?<\/strong><\/p>\n<p>El reglament d&#8217;equips de pressi\u00f3 preveu la realitzaci\u00f3 d&#8217;un projecte per qualsevol d&#8217;aquests casos:<\/p>\n<p>&nbsp;<\/p>\n<ul>\n<li>Instal\u00b7lacions en qu\u00e8 la suma dels productes de la pressi\u00f3 m\u00e0xima de servei dels equips que componen la instal\u00b7laci\u00f3 en bar per volum en litres d&#8217;instal\u00b7laci\u00f3 (PxV) connectats de forma permanent superi els 25.000.<\/li>\n<li>Instal\u00b7lacions on hi pugui haver una pujada de la temperatura, per aportaci\u00f3 de flama, aportaci\u00f3 de calor amb perill de sobreescalfament o per reaccions qu\u00edmiques on la suma dels productes de la pressi\u00f3 m\u00e0xima de servei al bar pel volum en litres de cadascun dels equips a pressi\u00f3 connectats a la pr\u00f2pia instal\u00b7laci\u00f3 sigui superior a 10.000.<\/li>\n<li>Instal\u00b7lacions que tinguin fluids perillosos amb quantitats indicades al reglament d&#8217;equips a pressi\u00f3. (BOE, Reial Decret 809\/2021).<\/li>\n<\/ul>\n<p>&nbsp;<\/p>\n<p>&nbsp;<\/p>\n<p>[\/et_pb_text][\/et_pb_column][et_pb_column type=&#8221;1_3&#8243; _builder_version=&#8221;4.16&#8243; custom_padding=&#8221;|||&#8221; global_colors_info=&#8221;{}&#8221; custom_padding__hover=&#8221;|||&#8221;][et_pb_image src=&#8221;https:\/\/mjenginyeria.com\/wp-content\/uploads\/2023\/04\/servei-equips-inside.jpg&#8221; alt=&#8221;Instalaci\u00f3n de equipos a presi\u00f3n&#8221; _builder_version=&#8221;4.21.0&#8243; _module_preset=&#8221;default&#8221; animation_style=&#8221;fade&#8221; animation_duration=&#8221;2000ms&#8221; border_radii=&#8221;on|10px|10px|10px|10px&#8221; box_shadow_style=&#8221;preset1&#8243; global_colors_info=&#8221;{}&#8221;][\/et_pb_image][\/et_pb_column][\/et_pb_row][\/et_pb_section]<\/p>\n","protected":false},"excerpt":{"rendered":"<p>Instal\u00b7laci\u00f3 d&#8217;equips de pressi\u00f3 &nbsp; Com a empresa realitzem el projecte t\u00e8cnic per la instal\u00b7laci\u00f3 d&#8217;equips a pressi\u00f3 d&#8217;alt risc a les localitzacions que s&#8217;hi indiquin. Es realitza un estudi previ de la viabilitat del projecte \u201cin situ\u201d amb el client, es realitza el projecte t\u00e8cnic, se supervisa la instal\u00b7laci\u00f3 i s&#8217;assisteix a les inspeccions [&hellip;]<\/p>\n","protected":false},"author":2,"featured_media":0,"parent":0,"menu_order":0,"comment_status":"closed","ping_status":"closed","template":"","meta":{"_et_pb_use_builder":"on","_et_pb_old_content":"<p>[et_pb_section fb_built=\"1\" fullwidth=\"on\" _builder_version=\"4.21.0\" _module_preset=\"default\" global_colors_info=\"{}\" theme_builder_area=\"post_content\"][et_pb_fullwidth_slider _builder_version=\"4.21.0\" _module_preset=\"default\" global_colors_info=\"{}\" theme_builder_area=\"post_content\"][et_pb_slide heading=\"Informes t\u00e9cnicos\" _builder_version=\"4.21.0\" _module_preset=\"default\" header_text_align=\"right\" header_text_color=\"#FFFFFF\" background_enable_color=\"off\" background_image=\"https:\/\/mjenginyeria.com\/wp-content\/uploads\/2023\/04\/hero-section.jpg\" background_enable_image=\"on\" custom_padding=\"100px||100px||false|false\" header_text_shadow_style=\"preset3\" global_colors_info=\"{}\" sticky_transition=\"on\" theme_builder_area=\"post_content\"][\/et_pb_slide][\/et_pb_fullwidth_slider][\/et_pb_section][et_pb_section fb_built=\"1\" _builder_version=\"4.16\" global_colors_info=\"{}\" theme_builder_area=\"post_content\"][et_pb_row column_structure=\"2_3,1_3\" _builder_version=\"4.16\" background_size=\"initial\" background_position=\"top_left\" background_repeat=\"repeat\" global_colors_info=\"{}\" theme_builder_area=\"post_content\"][et_pb_column type=\"2_3\" _builder_version=\"4.16\" custom_padding=\"|||\" global_colors_info=\"{}\" custom_padding__hover=\"|||\" theme_builder_area=\"post_content\"][et_pb_text _builder_version=\"4.21.0\" background_size=\"initial\" background_position=\"top_left\" background_repeat=\"repeat\" hover_enabled=\"0\" global_colors_info=\"{}\" theme_builder_area=\"post_content\" sticky_enabled=\"0\"]<\/p><h1>Instalaci\u00f3n de equipos a presi\u00f3n<\/h1><p>\u00a0<\/p><p>Como empresa realizamos el proyecto t\u00e9cnico por la instalaci\u00f3n de equipos a presi\u00f3n de alto riesgo en las localizaciones que se indiquen. Se realiza un estudio previo de la viabilidad del proyecto \u201cin situ\u201d con el cliente, se realiza el proyecto t\u00e9cnico, se supervisa la instalaci\u00f3n y se asiste a las inspecciones de puesta en servicio realizada por parte de un organismo de control autorizado con los que trabajamos habitualmente.<\/p><p>\u00a0<\/p><p><strong>\u00bfC\u00f3mo puede saber si la instalaci\u00f3n que debe realizar necesita proyecto?<\/strong><\/p><p>El reglamento de equipos a presi\u00f3n contempla la realizaci\u00f3n de un proyecto por cualquiera de estos casos:<\/p><ul><li>Instalaciones en las que la suma de los productos de la presi\u00f3n m\u00e1xima de servicio de los equipos que componen la instalaci\u00f3n en bar por volumen en litros de instalaci\u00f3n (PxV) conectados de forma permanente supere los 25.000.<\/li><li>Instalaciones donde pueda haber una subida de la temperatura, por aporte de llama, aporte de calor con peligro de sobrecalentamiento o por reacciones qu\u00edmicas donde la suma de los productos de la presi\u00f3n m\u00e1xima de servicio en bar por el volumen en litros de cada uno de los equipos a presi\u00f3n conectados a la propia instalaci\u00f3n sea superior a 10.000.<\/li><li>Instalaciones que tengan fluidos peligrosos con cantidades indicadas en el reglamento de equipos a presi\u00f3n. (BOE, Real Decreto 809\/2021).<\/li><\/ul><p>\u00a0<\/p><p>\u00a0<\/p><p>[\/et_pb_text][\/et_pb_column][et_pb_column type=\"1_3\" _builder_version=\"4.16\" custom_padding=\"|||\" global_colors_info=\"{}\" custom_padding__hover=\"|||\" theme_builder_area=\"post_content\"][et_pb_image src=\"https:\/\/mjenginyeria.com\/wp-content\/uploads\/2023\/04\/servei-equips-inside.jpg\" alt=\"Instalaci\u00f3n de equipos a presi\u00f3n\" _builder_version=\"4.21.0\" _module_preset=\"default\" animation_style=\"fade\" animation_duration=\"2000ms\" hover_enabled=\"0\" border_radii=\"on|10px|10px|10px|10px\" box_shadow_style=\"preset1\" global_colors_info=\"{}\" theme_builder_area=\"post_content\" sticky_enabled=\"0\"][\/et_pb_image][\/et_pb_column][\/et_pb_row][\/et_pb_section]<\/p>","_et_gb_content_width":"","footnotes":""},"class_list":["post-733","page","type-page","status-publish","hentry"],"yoast_head":"<!-- This site is optimized with the Yoast SEO plugin v27.3 - https:\/\/yoast.com\/product\/yoast-seo-wordpress\/ -->\n<title>Instal\u00b7laci\u00f3 d&#039;equips de pressi\u00f3 - MJ Enginyeria<\/title>\n<meta name=\"description\" content=\"Com a empresa realitzem el projecte t\u00e8cnic per la instal\u00b7laci\u00f3 d&#039;equips a pressi\u00f3 d&#039;alt risc a les localitzacions que s&#039;hi indiquin\" \/>\n<meta name=\"robots\" content=\"index, follow, max-snippet:-1, max-image-preview:large, max-video-preview:-1\" \/>\n<link rel=\"canonical\" href=\"https:\/\/mjenginyeria.com\/ca\/instal\u00b7lacio-dequips-de-pressio\/\" \/>\n<meta property=\"og:locale\" content=\"ca_ES\" \/>\n<meta property=\"og:type\" content=\"article\" \/>\n<meta property=\"og:title\" content=\"Instal\u00b7laci\u00f3 d&#039;equips de pressi\u00f3 - MJ Enginyeria\" \/>\n<meta property=\"og:description\" content=\"Com a empresa realitzem el projecte t\u00e8cnic per la instal\u00b7laci\u00f3 d&#039;equips a pressi\u00f3 d&#039;alt risc a les localitzacions que s&#039;hi indiquin\" \/>\n<meta property=\"og:url\" content=\"https:\/\/mjenginyeria.com\/ca\/instal\u00b7lacio-dequips-de-pressio\/\" \/>\n<meta property=\"og:site_name\" content=\"MJ Enginyeria\" \/>\n<meta property=\"article:modified_time\" content=\"2023-07-11T09:52:42+00:00\" \/>\n<meta name=\"twitter:card\" content=\"summary_large_image\" \/>\n<meta name=\"twitter:label1\" content=\"Temps estimat de lectura\" \/>\n\t<meta name=\"twitter:data1\" content=\"2 minuts\" \/>\n<script type=\"application\/ld+json\" class=\"yoast-schema-graph\">{\"@context\":\"https:\\\/\\\/schema.org\",\"@graph\":[{\"@type\":\"WebPage\",\"@id\":\"https:\\\/\\\/mjenginyeria.com\\\/ca\\\/instal%c2%b7lacio-dequips-de-pressio\\\/\",\"url\":\"https:\\\/\\\/mjenginyeria.com\\\/ca\\\/instal%c2%b7lacio-dequips-de-pressio\\\/\",\"name\":\"Instal\u00b7laci\u00f3 d'equips de pressi\u00f3 - MJ Enginyeria\",\"isPartOf\":{\"@id\":\"https:\\\/\\\/mjenginyeria.com\\\/#website\"},\"datePublished\":\"2023-07-10T10:49:15+00:00\",\"dateModified\":\"2023-07-11T09:52:42+00:00\",\"description\":\"Com a empresa realitzem el projecte t\u00e8cnic per la instal\u00b7laci\u00f3 d'equips a pressi\u00f3 d'alt risc a les localitzacions que s'hi indiquin\",\"breadcrumb\":{\"@id\":\"https:\\\/\\\/mjenginyeria.com\\\/ca\\\/instal%c2%b7lacio-dequips-de-pressio\\\/#breadcrumb\"},\"inLanguage\":\"ca\",\"potentialAction\":[{\"@type\":\"ReadAction\",\"target\":[\"https:\\\/\\\/mjenginyeria.com\\\/ca\\\/instal%c2%b7lacio-dequips-de-pressio\\\/\"]}]},{\"@type\":\"BreadcrumbList\",\"@id\":\"https:\\\/\\\/mjenginyeria.com\\\/ca\\\/instal%c2%b7lacio-dequips-de-pressio\\\/#breadcrumb\",\"itemListElement\":[{\"@type\":\"ListItem\",\"position\":1,\"name\":\"Home\",\"item\":\"https:\\\/\\\/mjenginyeria.com\\\/ca\\\/\"},{\"@type\":\"ListItem\",\"position\":2,\"name\":\"Instal\u00b7laci\u00f3 d&#8217;equips de pressi\u00f3\"}]},{\"@type\":\"WebSite\",\"@id\":\"https:\\\/\\\/mjenginyeria.com\\\/#website\",\"url\":\"https:\\\/\\\/mjenginyeria.com\\\/\",\"name\":\"MJ Enginyeria\",\"description\":\"Serveis i legalitzacions a Barcelona\",\"publisher\":{\"@id\":\"https:\\\/\\\/mjenginyeria.com\\\/#organization\"},\"potentialAction\":[{\"@type\":\"SearchAction\",\"target\":{\"@type\":\"EntryPoint\",\"urlTemplate\":\"https:\\\/\\\/mjenginyeria.com\\\/?s={search_term_string}\"},\"query-input\":{\"@type\":\"PropertyValueSpecification\",\"valueRequired\":true,\"valueName\":\"search_term_string\"}}],\"inLanguage\":\"ca\"},{\"@type\":\"Organization\",\"@id\":\"https:\\\/\\\/mjenginyeria.com\\\/#organization\",\"name\":\"MJ Enginyeria\",\"url\":\"https:\\\/\\\/mjenginyeria.com\\\/\",\"logo\":{\"@type\":\"ImageObject\",\"inLanguage\":\"ca\",\"@id\":\"https:\\\/\\\/mjenginyeria.com\\\/#\\\/schema\\\/logo\\\/image\\\/\",\"url\":\"https:\\\/\\\/mjenginyeria.com\\\/wp-content\\\/uploads\\\/2023\\\/04\\\/header-logo-color_x2-min.png\",\"contentUrl\":\"https:\\\/\\\/mjenginyeria.com\\\/wp-content\\\/uploads\\\/2023\\\/04\\\/header-logo-color_x2-min.png\",\"width\":640,\"height\":90,\"caption\":\"MJ Enginyeria\"},\"image\":{\"@id\":\"https:\\\/\\\/mjenginyeria.com\\\/#\\\/schema\\\/logo\\\/image\\\/\"}}]}<\/script>\n<!-- \/ Yoast SEO plugin. -->","yoast_head_json":{"title":"Instal\u00b7laci\u00f3 d'equips de pressi\u00f3 - MJ Enginyeria","description":"Com a empresa realitzem el projecte t\u00e8cnic per la instal\u00b7laci\u00f3 d'equips a pressi\u00f3 d'alt risc a les localitzacions que s'hi indiquin","robots":{"index":"index","follow":"follow","max-snippet":"max-snippet:-1","max-image-preview":"max-image-preview:large","max-video-preview":"max-video-preview:-1"},"canonical":"https:\/\/mjenginyeria.com\/ca\/instal\u00b7lacio-dequips-de-pressio\/","og_locale":"ca_ES","og_type":"article","og_title":"Instal\u00b7laci\u00f3 d'equips de pressi\u00f3 - MJ Enginyeria","og_description":"Com a empresa realitzem el projecte t\u00e8cnic per la instal\u00b7laci\u00f3 d'equips a pressi\u00f3 d'alt risc a les localitzacions que s'hi indiquin","og_url":"https:\/\/mjenginyeria.com\/ca\/instal\u00b7lacio-dequips-de-pressio\/","og_site_name":"MJ Enginyeria","article_modified_time":"2023-07-11T09:52:42+00:00","twitter_card":"summary_large_image","twitter_misc":{"Temps estimat de lectura":"2 minuts"},"schema":{"@context":"https:\/\/schema.org","@graph":[{"@type":"WebPage","@id":"https:\/\/mjenginyeria.com\/ca\/instal%c2%b7lacio-dequips-de-pressio\/","url":"https:\/\/mjenginyeria.com\/ca\/instal%c2%b7lacio-dequips-de-pressio\/","name":"Instal\u00b7laci\u00f3 d'equips de pressi\u00f3 - MJ Enginyeria","isPartOf":{"@id":"https:\/\/mjenginyeria.com\/#website"},"datePublished":"2023-07-10T10:49:15+00:00","dateModified":"2023-07-11T09:52:42+00:00","description":"Com a empresa realitzem el projecte t\u00e8cnic per la instal\u00b7laci\u00f3 d'equips a pressi\u00f3 d'alt risc a les localitzacions que s'hi indiquin","breadcrumb":{"@id":"https:\/\/mjenginyeria.com\/ca\/instal%c2%b7lacio-dequips-de-pressio\/#breadcrumb"},"inLanguage":"ca","potentialAction":[{"@type":"ReadAction","target":["https:\/\/mjenginyeria.com\/ca\/instal%c2%b7lacio-dequips-de-pressio\/"]}]},{"@type":"BreadcrumbList","@id":"https:\/\/mjenginyeria.com\/ca\/instal%c2%b7lacio-dequips-de-pressio\/#breadcrumb","itemListElement":[{"@type":"ListItem","position":1,"name":"Home","item":"https:\/\/mjenginyeria.com\/ca\/"},{"@type":"ListItem","position":2,"name":"Instal\u00b7laci\u00f3 d&#8217;equips de pressi\u00f3"}]},{"@type":"WebSite","@id":"https:\/\/mjenginyeria.com\/#website","url":"https:\/\/mjenginyeria.com\/","name":"MJ Enginyeria","description":"Serveis i legalitzacions a Barcelona","publisher":{"@id":"https:\/\/mjenginyeria.com\/#organization"},"potentialAction":[{"@type":"SearchAction","target":{"@type":"EntryPoint","urlTemplate":"https:\/\/mjenginyeria.com\/?s={search_term_string}"},"query-input":{"@type":"PropertyValueSpecification","valueRequired":true,"valueName":"search_term_string"}}],"inLanguage":"ca"},{"@type":"Organization","@id":"https:\/\/mjenginyeria.com\/#organization","name":"MJ Enginyeria","url":"https:\/\/mjenginyeria.com\/","logo":{"@type":"ImageObject","inLanguage":"ca","@id":"https:\/\/mjenginyeria.com\/#\/schema\/logo\/image\/","url":"https:\/\/mjenginyeria.com\/wp-content\/uploads\/2023\/04\/header-logo-color_x2-min.png","contentUrl":"https:\/\/mjenginyeria.com\/wp-content\/uploads\/2023\/04\/header-logo-color_x2-min.png","width":640,"height":90,"caption":"MJ Enginyeria"},"image":{"@id":"https:\/\/mjenginyeria.com\/#\/schema\/logo\/image\/"}}]}},"_links":{"self":[{"href":"https:\/\/mjenginyeria.com\/ca\/wp-json\/wp\/v2\/pages\/733","targetHints":{"allow":["GET"]}}],"collection":[{"href":"https:\/\/mjenginyeria.com\/ca\/wp-json\/wp\/v2\/pages"}],"about":[{"href":"https:\/\/mjenginyeria.com\/ca\/wp-json\/wp\/v2\/types\/page"}],"author":[{"embeddable":true,"href":"https:\/\/mjenginyeria.com\/ca\/wp-json\/wp\/v2\/users\/2"}],"replies":[{"embeddable":true,"href":"https:\/\/mjenginyeria.com\/ca\/wp-json\/wp\/v2\/comments?post=733"}],"version-history":[{"count":4,"href":"https:\/\/mjenginyeria.com\/ca\/wp-json\/wp\/v2\/pages\/733\/revisions"}],"predecessor-version":[{"id":739,"href":"https:\/\/mjenginyeria.com\/ca\/wp-json\/wp\/v2\/pages\/733\/revisions\/739"}],"wp:attachment":[{"href":"https:\/\/mjenginyeria.com\/ca\/wp-json\/wp\/v2\/media?parent=733"}],"curies":[{"name":"wp","href":"https:\/\/api.w.org\/{rel}","templated":true}]}}