{"id":725,"date":"2023-07-10T12:50:21","date_gmt":"2023-07-10T10:50:21","guid":{"rendered":"https:\/\/mjenginyeria.com\/certificados\/"},"modified":"2023-07-11T11:39:16","modified_gmt":"2023-07-11T09:39:16","slug":"certificats","status":"publish","type":"page","link":"https:\/\/mjenginyeria.com\/ca\/certificats\/","title":{"rendered":"Certificats"},"content":{"rendered":"<p>[et_pb_section fb_built=&#8221;1&#8243; fullwidth=&#8221;on&#8221; _builder_version=&#8221;4.21.0&#8243; _module_preset=&#8221;default&#8221; global_colors_info=&#8221;{}&#8221;][et_pb_fullwidth_slider _builder_version=&#8221;4.21.0&#8243; _module_preset=&#8221;default&#8221; hover_enabled=&#8221;0&#8243; global_colors_info=&#8221;{}&#8221; sticky_enabled=&#8221;0&#8243;][et_pb_slide heading=&#8221;Certificats&#8221; _builder_version=&#8221;4.21.0&#8243; _module_preset=&#8221;default&#8221; header_text_align=&#8221;right&#8221; header_text_color=&#8221;#FFFFFF&#8221; background_enable_color=&#8221;off&#8221; background_image=&#8221;https:\/\/mjenginyeria.com\/wp-content\/uploads\/2023\/04\/hero-section.jpg&#8221; background_enable_image=&#8221;on&#8221; custom_padding=&#8221;100px||100px||false|false&#8221; hover_enabled=&#8221;0&#8243; header_text_shadow_style=&#8221;preset3&#8243; global_colors_info=&#8221;{}&#8221; sticky_transition=&#8221;on&#8221; sticky_enabled=&#8221;0&#8243;][\/et_pb_slide][\/et_pb_fullwidth_slider][\/et_pb_section][et_pb_section fb_built=&#8221;1&#8243; _builder_version=&#8221;4.16&#8243; global_colors_info=&#8221;{}&#8221;][et_pb_row column_structure=&#8221;2_3,1_3&#8243; _builder_version=&#8221;4.16&#8243; background_size=&#8221;initial&#8221; background_position=&#8221;top_left&#8221; background_repeat=&#8221;repeat&#8221; global_colors_info=&#8221;{}&#8221;][et_pb_column type=&#8221;2_3&#8243; _builder_version=&#8221;4.16&#8243; custom_padding=&#8221;|||&#8221; global_colors_info=&#8221;{}&#8221; custom_padding__hover=&#8221;|||&#8221;][et_pb_text _builder_version=&#8221;4.21.0&#8243; background_size=&#8221;initial&#8221; background_position=&#8221;top_left&#8221; background_repeat=&#8221;repeat&#8221; hover_enabled=&#8221;0&#8243; global_colors_info=&#8221;{}&#8221; sticky_enabled=&#8221;0&#8243;]<\/p>\n<h1>Certificats<\/h1>\n<p>&nbsp;<\/p>\n<p>La tramitaci\u00f3 d&#8217;un certificat energ\u00e8tic i un de solidesa pot aportar diversos avantatges al vostre negoci. Aquests dos certificats tenen diferents objectius, per\u00f2 tots dos contribueixen a millorar la qualitat i sostenibilitat del teu edifici o instal\u00b7laci\u00f3. A continuaci\u00f3, esmentarem els principals avantatges de cada certificat:<\/p>\n<p>&nbsp;<\/p>\n<p><strong>Certificat energ\u00e8tic:<\/strong><\/p>\n<p>&nbsp;<\/p>\n<ul>\n<li>Estalvi energ\u00e8tic: Un certificat energ\u00e8tic et proporciona informaci\u00f3 detallada sobre la teva instal\u00b7laci\u00f3, ajudant-te a identificar \u00e0rees on es poden fer millores per reduir el consum d&#8217;energia.<\/li>\n<li>Reducci\u00f3 de costos: En millorar l&#8217;efici\u00e8ncia energ\u00e8tica del teu edifici, tamb\u00e9 reduir\u00e0s les factures d&#8217;energia, cosa que pot significar estalvis importants a llarg termini.<\/li>\n<li>Valor de mercat: Un edifici amb una bona qualificaci\u00f3 energ\u00e8tica pot ser m\u00e9s atractiu per als clients o compradors, ja que indica un comprom\u00eds amb la sostenibilitat i els costos d&#8217;explotaci\u00f3 menors.<\/li>\n<li>Compliment legal: La tramitaci\u00f3 d&#8217;un certificat energ\u00e8tic \u00e9s obligat\u00f2ria en molts casos, com ara la venda o el lloguer d&#8217;un immoble. Aix\u00f2 t&#8217;assegura que compleixes la legislaci\u00f3 vigent.<\/li>\n<li>Responsabilitat ambiental: Un certificat energ\u00e8tic et permet millorar la teva imatge corporativa i destacar el teu comprom\u00eds amb la sostenibilitat i la reducci\u00f3 de les emissions de gasos d&#8217;efecte hivernacle.<\/li>\n<\/ul>\n<p>&nbsp;<\/p>\n<p><strong>Certificat de solidesa:<\/strong><\/p>\n<p>&nbsp;<\/p>\n<ul>\n<li>Seguretat: Aquest certificat garanteix que la teva construcci\u00f3 compleix les normes de seguretat estructural, minimitzant el risc d&#8217;accidents o incidents relacionats amb la integritat dels edificis.<\/li>\n<li>Fiabilitat: Un certificat de solidesa us proporciona la tranquil\u00b7litat de saber que el vostre edifici ha estat avaluat per un professional i que \u00e9s segur per a l&#8217;\u00fas previst.<\/li>\n<li>Valor de mercat: Com en el cas del certificat energ\u00e8tic, un certificat de solidesa pot augmentar el valor del vostre immoble, ja que indica que l&#8217;edifici ha estat constru\u00eft i mantingut de forma adequada.<\/li>\n<li>Compliment legal: En alguns casos, pot ser obligatori obtenir un certificat de solidesa per obtenir permisos de construcci\u00f3 o complir les normatives locals. Aix\u00f2 t&#8217;assegura que compleixes la legislaci\u00f3 vigent.<\/li>\n<li>Protecci\u00f3 contra reclamacions: Un certificat de solidesa pot ajudar-te a protegir-te contra reclamacions legals relacionades amb la seguretat estructural del teu edifici.<\/li>\n<\/ul>\n<p>&nbsp;<\/p>\n<p>En resum, la tramitaci\u00f3 d&#8217;un certificat energ\u00e8tic i un de solidesa et pot proporcionar estalvis econ\u00f2mics, seguretat, valor de mercat i compliment legal.<\/p>\n<p>&nbsp;<\/p>\n<p>[\/et_pb_text][\/et_pb_column][et_pb_column type=&#8221;1_3&#8243; _builder_version=&#8221;4.16&#8243; custom_padding=&#8221;|||&#8221; global_colors_info=&#8221;{}&#8221; custom_padding__hover=&#8221;|||&#8221;][et_pb_image src=&#8221;https:\/\/mjenginyeria.com\/wp-content\/uploads\/2023\/04\/certificados-inside.jpg&#8221; alt=&#8221;Tramitaci\u00f3n certificados energ\u00e9ticos Barcelona&#8221; _builder_version=&#8221;4.21.0&#8243; _module_preset=&#8221;default&#8221; animation_style=&#8221;fade&#8221; animation_duration=&#8221;2000ms&#8221; border_radii=&#8221;on|10px|10px|10px|10px&#8221; box_shadow_style=&#8221;preset1&#8243; global_colors_info=&#8221;{}&#8221;][\/et_pb_image][\/et_pb_column][\/et_pb_row][\/et_pb_section]<\/p>\n","protected":false},"excerpt":{"rendered":"<p>Certificats &nbsp; La tramitaci\u00f3 d&#8217;un certificat energ\u00e8tic i un de solidesa pot aportar diversos avantatges al vostre negoci. Aquests dos certificats tenen diferents objectius, per\u00f2 tots dos contribueixen a millorar la qualitat i sostenibilitat del teu edifici o instal\u00b7laci\u00f3. A continuaci\u00f3, esmentarem els principals avantatges de cada certificat: &nbsp; Certificat energ\u00e8tic: &nbsp; Estalvi energ\u00e8tic: Un [&hellip;]<\/p>\n","protected":false},"author":2,"featured_media":0,"parent":0,"menu_order":0,"comment_status":"closed","ping_status":"closed","template":"","meta":{"_et_pb_use_builder":"on","_et_pb_old_content":"<p>La tramitaci\u00f3n de un certificado energ\u00e9tico y uno de solidez puede aportar varias ventajas a tu negocio. Estos dos certificados tienen diferentes objetivos, pero ambos contribuyen a mejorar la calidad y sostenibilidad de tu edificio o instalaci\u00f3n. A continuaci\u00f3n, mencionaremos las principales ventajas de cada certificado:<\/p><p>\u00a0<\/p><p><strong>Certificado energ\u00e9tico:<\/strong><\/p><p>\u00a0<\/p><ol><li>Ahorro energ\u00e9tico: Un certificado energ\u00e9tico te proporciona informaci\u00f3n detallada sobre tu instalaci\u00f3n, ayud\u00e1ndote a identificar \u00e1reas donde se pueden realizar mejoras para reducir el consumo de energ\u00eda.<\/li><li>Reducci\u00f3n de costes: Al mejorar la eficiencia energ\u00e9tica de tu edificio, tambi\u00e9n reducir\u00e1s las facturas de energ\u00eda, lo que puede significar importantes ahorros a largo plazo.<\/li><li>Valor de mercado: Un edificio con una buena calificaci\u00f3n energ\u00e9tica puede ser m\u00e1s atractivo para los clientes o compradores, puesto que indica un compromiso con la sostenibilidad y menores costes de explotaci\u00f3n.<\/li><li>Cumplimiento legal: La tramitaci\u00f3n de un certificado energ\u00e9tico es obligatoria en muchos casos, como por ejemplo en la venta o alquiler de un inmueble. Esto te asegura que cumples con la legislaci\u00f3n vigente.<\/li><li>Responsabilidad ambiental: Un certificado energ\u00e9tico te permite mejorar tu imagen corporativa y destacar tu compromiso con la sostenibilidad y reducci\u00f3n de las emisiones de gases de efecto invernadero.<\/li><\/ol><p>\u00a0<\/p><p><strong>Certificado de solidez:<\/strong><\/p><p>\u00a0<\/p><ol><li>Seguridad: Este certificado garantiza que tu construcci\u00f3n cumple con las normas de seguridad estructural, minimizando el riesgo de accidentes o incidentes relacionados con la integridad de los edificios.<\/li><li>Confiabilidad: Un certificado de solidez te proporciona la tranquilidad de saber que tu edificio ha sido evaluado por un profesional y que es seguro para el uso previsto.<\/li><li>Valor de mercado: Como en el caso del certificado energ\u00e9tico, un certificado de solidez puede aumentar el valor de tu inmueble, ya que indica que el edificio ha sido construido y mantenido de forma adecuada.<\/li><li>Cumplimiento legal: En algunos casos, puede ser obligatorio obtener un certificado de solidez para obtener permisos de construcci\u00f3n o cumplir con las normativas locales. Esto te asegura que cumples con la legislaci\u00f3n vigente.<\/li><li>Protecci\u00f3n contra reclamaciones: Un certificado de solidez puede ayudarte a protegerte contra reclamaciones legales relacionadas con la seguridad estructural de tu edificio.<\/li><\/ol><p>\u00a0<\/p><p>En resumen, la tramitaci\u00f3n de un certificado energ\u00e9tico y uno de solidez puede proporcionarte ahorros econ\u00f3micos, seguridad, valor de mercado y cumplimiento legal.<\/p>","_et_gb_content_width":"","footnotes":""},"class_list":["post-725","page","type-page","status-publish","hentry"],"yoast_head":"<!-- This site is optimized with the Yoast SEO plugin v27.3 - https:\/\/yoast.com\/product\/yoast-seo-wordpress\/ -->\n<title>Certificats - MJ Enginyeria<\/title>\n<meta name=\"description\" content=\"Tramitaci\u00f3 de certificats energ\u00e8tics i certificats de solidesa a Barcelona\" \/>\n<meta name=\"robots\" content=\"index, follow, max-snippet:-1, max-image-preview:large, max-video-preview:-1\" \/>\n<link rel=\"canonical\" href=\"https:\/\/mjenginyeria.com\/ca\/certificats\/\" \/>\n<meta property=\"og:locale\" content=\"ca_ES\" \/>\n<meta property=\"og:type\" content=\"article\" \/>\n<meta property=\"og:title\" content=\"Certificats - MJ Enginyeria\" \/>\n<meta property=\"og:description\" content=\"Tramitaci\u00f3 de certificats energ\u00e8tics i certificats de solidesa a Barcelona\" \/>\n<meta property=\"og:url\" content=\"https:\/\/mjenginyeria.com\/ca\/certificats\/\" \/>\n<meta property=\"og:site_name\" content=\"MJ Enginyeria\" \/>\n<meta property=\"article:modified_time\" content=\"2023-07-11T09:39:16+00:00\" \/>\n<meta name=\"twitter:card\" content=\"summary_large_image\" \/>\n<meta name=\"twitter:label1\" content=\"Temps estimat de lectura\" \/>\n\t<meta name=\"twitter:data1\" content=\"3 minuts\" \/>\n<script type=\"application\/ld+json\" class=\"yoast-schema-graph\">{\"@context\":\"https:\\\/\\\/schema.org\",\"@graph\":[{\"@type\":\"WebPage\",\"@id\":\"https:\\\/\\\/mjenginyeria.com\\\/ca\\\/certificats\\\/\",\"url\":\"https:\\\/\\\/mjenginyeria.com\\\/ca\\\/certificats\\\/\",\"name\":\"Certificats - MJ Enginyeria\",\"isPartOf\":{\"@id\":\"https:\\\/\\\/mjenginyeria.com\\\/#website\"},\"datePublished\":\"2023-07-10T10:50:21+00:00\",\"dateModified\":\"2023-07-11T09:39:16+00:00\",\"description\":\"Tramitaci\u00f3 de certificats energ\u00e8tics i certificats de solidesa a Barcelona\",\"breadcrumb\":{\"@id\":\"https:\\\/\\\/mjenginyeria.com\\\/ca\\\/certificats\\\/#breadcrumb\"},\"inLanguage\":\"ca\",\"potentialAction\":[{\"@type\":\"ReadAction\",\"target\":[\"https:\\\/\\\/mjenginyeria.com\\\/ca\\\/certificats\\\/\"]}]},{\"@type\":\"BreadcrumbList\",\"@id\":\"https:\\\/\\\/mjenginyeria.com\\\/ca\\\/certificats\\\/#breadcrumb\",\"itemListElement\":[{\"@type\":\"ListItem\",\"position\":1,\"name\":\"Home\",\"item\":\"https:\\\/\\\/mjenginyeria.com\\\/ca\\\/\"},{\"@type\":\"ListItem\",\"position\":2,\"name\":\"Certificats\"}]},{\"@type\":\"WebSite\",\"@id\":\"https:\\\/\\\/mjenginyeria.com\\\/#website\",\"url\":\"https:\\\/\\\/mjenginyeria.com\\\/\",\"name\":\"MJ Enginyeria\",\"description\":\"Serveis i legalitzacions a Barcelona\",\"publisher\":{\"@id\":\"https:\\\/\\\/mjenginyeria.com\\\/#organization\"},\"potentialAction\":[{\"@type\":\"SearchAction\",\"target\":{\"@type\":\"EntryPoint\",\"urlTemplate\":\"https:\\\/\\\/mjenginyeria.com\\\/?s={search_term_string}\"},\"query-input\":{\"@type\":\"PropertyValueSpecification\",\"valueRequired\":true,\"valueName\":\"search_term_string\"}}],\"inLanguage\":\"ca\"},{\"@type\":\"Organization\",\"@id\":\"https:\\\/\\\/mjenginyeria.com\\\/#organization\",\"name\":\"MJ Enginyeria\",\"url\":\"https:\\\/\\\/mjenginyeria.com\\\/\",\"logo\":{\"@type\":\"ImageObject\",\"inLanguage\":\"ca\",\"@id\":\"https:\\\/\\\/mjenginyeria.com\\\/#\\\/schema\\\/logo\\\/image\\\/\",\"url\":\"https:\\\/\\\/mjenginyeria.com\\\/wp-content\\\/uploads\\\/2023\\\/04\\\/header-logo-color_x2-min.png\",\"contentUrl\":\"https:\\\/\\\/mjenginyeria.com\\\/wp-content\\\/uploads\\\/2023\\\/04\\\/header-logo-color_x2-min.png\",\"width\":640,\"height\":90,\"caption\":\"MJ Enginyeria\"},\"image\":{\"@id\":\"https:\\\/\\\/mjenginyeria.com\\\/#\\\/schema\\\/logo\\\/image\\\/\"}}]}<\/script>\n<!-- \/ Yoast SEO plugin. -->","yoast_head_json":{"title":"Certificats - MJ Enginyeria","description":"Tramitaci\u00f3 de certificats energ\u00e8tics i certificats de solidesa a Barcelona","robots":{"index":"index","follow":"follow","max-snippet":"max-snippet:-1","max-image-preview":"max-image-preview:large","max-video-preview":"max-video-preview:-1"},"canonical":"https:\/\/mjenginyeria.com\/ca\/certificats\/","og_locale":"ca_ES","og_type":"article","og_title":"Certificats - MJ Enginyeria","og_description":"Tramitaci\u00f3 de certificats energ\u00e8tics i certificats de solidesa a Barcelona","og_url":"https:\/\/mjenginyeria.com\/ca\/certificats\/","og_site_name":"MJ Enginyeria","article_modified_time":"2023-07-11T09:39:16+00:00","twitter_card":"summary_large_image","twitter_misc":{"Temps estimat de lectura":"3 minuts"},"schema":{"@context":"https:\/\/schema.org","@graph":[{"@type":"WebPage","@id":"https:\/\/mjenginyeria.com\/ca\/certificats\/","url":"https:\/\/mjenginyeria.com\/ca\/certificats\/","name":"Certificats - MJ Enginyeria","isPartOf":{"@id":"https:\/\/mjenginyeria.com\/#website"},"datePublished":"2023-07-10T10:50:21+00:00","dateModified":"2023-07-11T09:39:16+00:00","description":"Tramitaci\u00f3 de certificats energ\u00e8tics i certificats de solidesa a Barcelona","breadcrumb":{"@id":"https:\/\/mjenginyeria.com\/ca\/certificats\/#breadcrumb"},"inLanguage":"ca","potentialAction":[{"@type":"ReadAction","target":["https:\/\/mjenginyeria.com\/ca\/certificats\/"]}]},{"@type":"BreadcrumbList","@id":"https:\/\/mjenginyeria.com\/ca\/certificats\/#breadcrumb","itemListElement":[{"@type":"ListItem","position":1,"name":"Home","item":"https:\/\/mjenginyeria.com\/ca\/"},{"@type":"ListItem","position":2,"name":"Certificats"}]},{"@type":"WebSite","@id":"https:\/\/mjenginyeria.com\/#website","url":"https:\/\/mjenginyeria.com\/","name":"MJ Enginyeria","description":"Serveis i legalitzacions a Barcelona","publisher":{"@id":"https:\/\/mjenginyeria.com\/#organization"},"potentialAction":[{"@type":"SearchAction","target":{"@type":"EntryPoint","urlTemplate":"https:\/\/mjenginyeria.com\/?s={search_term_string}"},"query-input":{"@type":"PropertyValueSpecification","valueRequired":true,"valueName":"search_term_string"}}],"inLanguage":"ca"},{"@type":"Organization","@id":"https:\/\/mjenginyeria.com\/#organization","name":"MJ Enginyeria","url":"https:\/\/mjenginyeria.com\/","logo":{"@type":"ImageObject","inLanguage":"ca","@id":"https:\/\/mjenginyeria.com\/#\/schema\/logo\/image\/","url":"https:\/\/mjenginyeria.com\/wp-content\/uploads\/2023\/04\/header-logo-color_x2-min.png","contentUrl":"https:\/\/mjenginyeria.com\/wp-content\/uploads\/2023\/04\/header-logo-color_x2-min.png","width":640,"height":90,"caption":"MJ Enginyeria"},"image":{"@id":"https:\/\/mjenginyeria.com\/#\/schema\/logo\/image\/"}}]}},"_links":{"self":[{"href":"https:\/\/mjenginyeria.com\/ca\/wp-json\/wp\/v2\/pages\/725","targetHints":{"allow":["GET"]}}],"collection":[{"href":"https:\/\/mjenginyeria.com\/ca\/wp-json\/wp\/v2\/pages"}],"about":[{"href":"https:\/\/mjenginyeria.com\/ca\/wp-json\/wp\/v2\/types\/page"}],"author":[{"embeddable":true,"href":"https:\/\/mjenginyeria.com\/ca\/wp-json\/wp\/v2\/users\/2"}],"replies":[{"embeddable":true,"href":"https:\/\/mjenginyeria.com\/ca\/wp-json\/wp\/v2\/comments?post=725"}],"version-history":[{"count":2,"href":"https:\/\/mjenginyeria.com\/ca\/wp-json\/wp\/v2\/pages\/725\/revisions"}],"predecessor-version":[{"id":728,"href":"https:\/\/mjenginyeria.com\/ca\/wp-json\/wp\/v2\/pages\/725\/revisions\/728"}],"wp:attachment":[{"href":"https:\/\/mjenginyeria.com\/ca\/wp-json\/wp\/v2\/media?parent=725"}],"curies":[{"name":"wp","href":"https:\/\/api.w.org\/{rel}","templated":true}]}}