{"id":719,"date":"2023-07-10T12:47:00","date_gmt":"2023-07-10T10:47:00","guid":{"rendered":"https:\/\/mjenginyeria.com\/cambios-de-titularidad\/"},"modified":"2023-07-11T11:34:15","modified_gmt":"2023-07-11T09:34:15","slug":"canvis-de-titularitat","status":"publish","type":"page","link":"https:\/\/mjenginyeria.com\/ca\/canvis-de-titularitat\/","title":{"rendered":"Canvis de titularitat"},"content":{"rendered":"<p>[et_pb_section fb_built=&#8221;1&#8243; fullwidth=&#8221;on&#8221; _builder_version=&#8221;4.21.0&#8243; _module_preset=&#8221;default&#8221; global_colors_info=&#8221;{}&#8221;][et_pb_fullwidth_slider _builder_version=&#8221;4.21.0&#8243; _module_preset=&#8221;default&#8221; hover_enabled=&#8221;0&#8243; global_colors_info=&#8221;{}&#8221; sticky_enabled=&#8221;0&#8243;][et_pb_slide heading=&#8221;Canvis de titularitat&#8221; _builder_version=&#8221;4.21.0&#8243; _module_preset=&#8221;default&#8221; header_text_align=&#8221;right&#8221; header_text_color=&#8221;#FFFFFF&#8221; background_enable_color=&#8221;off&#8221; background_image=&#8221;https:\/\/mjenginyeria.com\/wp-content\/uploads\/2023\/04\/hero-section.jpg&#8221; background_enable_image=&#8221;on&#8221; custom_padding=&#8221;100px||100px||false|false&#8221; hover_enabled=&#8221;0&#8243; header_text_shadow_style=&#8221;preset3&#8243; global_colors_info=&#8221;{}&#8221; sticky_transition=&#8221;on&#8221; sticky_enabled=&#8221;0&#8243;][\/et_pb_slide][\/et_pb_fullwidth_slider][\/et_pb_section][et_pb_section fb_built=&#8221;1&#8243; _builder_version=&#8221;4.16&#8243; global_colors_info=&#8221;{}&#8221;][et_pb_row column_structure=&#8221;2_3,1_3&#8243; _builder_version=&#8221;4.16&#8243; background_size=&#8221;initial&#8221; background_position=&#8221;top_left&#8221; background_repeat=&#8221;repeat&#8221; global_colors_info=&#8221;{}&#8221;][et_pb_column type=&#8221;2_3&#8243; _builder_version=&#8221;4.16&#8243; custom_padding=&#8221;|||&#8221; global_colors_info=&#8221;{}&#8221; custom_padding__hover=&#8221;|||&#8221;][et_pb_text _builder_version=&#8221;4.21.0&#8243; background_size=&#8221;initial&#8221; background_position=&#8221;top_left&#8221; background_repeat=&#8221;repeat&#8221; hover_enabled=&#8221;0&#8243; global_colors_info=&#8221;{}&#8221; sticky_enabled=&#8221;0&#8243;]<\/p>\n<h1>Canvis de titularitat<\/h1>\n<p>&nbsp;<\/p>\n<p>Es tramita quan la persona o empresa titular duna activitat que disposa de llic\u00e8ncia o comunicaci\u00f3 pr\u00e8via vigent, posa en coneixement de lajuntament que transmet el corresponent t\u00edtol que li habilitava per exercir lactivitat. Amb la comunicaci\u00f3 s&#8217;acredita la subrogaci\u00f3 del nou titular en els drets i els deures derivats de la llic\u00e8ncia o comunicaci\u00f3 pr\u00e8via.<\/p>\n<p>Si no hi ha modificacions sobre projecte\/perm\u00eds original el procediment est\u00e0ndard \u00e9s el de transmetre la titularitat amb un document de cessi\u00f3 del t\u00edtol, un certificat t\u00e8cnic i si l&#8217;ajuntament o sol\u00b7licitar un pl\u00e0nol amb mem\u00f2ria descriptiva de la situaci\u00f3 actual conforme no hi ha hagut canvis substancials .<\/p>\n<p>En cas de modificaci\u00f3 o canvis substancials de lactivitat sobre el projecte original, canvis de superf\u00edcie, augment de la pot\u00e8ncia el\u00e8ctrica, distribuci\u00f3, etc., el que farem ser\u00e0 actualitzar lactivitat i procedir al canvi de titularitat.<\/p>\n<p>&nbsp;<\/p>\n<p>[\/et_pb_text][\/et_pb_column][et_pb_column type=&#8221;1_3&#8243; _builder_version=&#8221;4.16&#8243; custom_padding=&#8221;|||&#8221; global_colors_info=&#8221;{}&#8221; custom_padding__hover=&#8221;|||&#8221;][et_pb_image src=&#8221;https:\/\/mjenginyeria.com\/wp-content\/uploads\/2023\/04\/cambios-nombre-inside.jpg&#8221; alt=&#8221;cambios de titularidad&#8221; _builder_version=&#8221;4.21.0&#8243; _module_preset=&#8221;default&#8221; animation_style=&#8221;fade&#8221; animation_duration=&#8221;2000ms&#8221; border_radii=&#8221;on|10px|10px|10px|10px&#8221; box_shadow_style=&#8221;preset1&#8243; global_colors_info=&#8221;{}&#8221;][\/et_pb_image][\/et_pb_column][\/et_pb_row][\/et_pb_section]<\/p>\n","protected":false},"excerpt":{"rendered":"<p>Canvis de titularitat &nbsp; Es tramita quan la persona o empresa titular duna activitat que disposa de llic\u00e8ncia o comunicaci\u00f3 pr\u00e8via vigent, posa en coneixement de lajuntament que transmet el corresponent t\u00edtol que li habilitava per exercir lactivitat. Amb la comunicaci\u00f3 s&#8217;acredita la subrogaci\u00f3 del nou titular en els drets i els deures derivats de [&hellip;]<\/p>\n","protected":false},"author":2,"featured_media":0,"parent":0,"menu_order":0,"comment_status":"closed","ping_status":"closed","template":"","meta":{"_et_pb_use_builder":"on","_et_pb_old_content":"<p>Se tramita cuando la persona o empresa titular de una actividad que dispone de licencia o comunicaci\u00f3n previa vigente, pone en conocimiento del ayuntamiento que transmite el correspondiente t\u00edtulo que le habilitaba para ejercer la actividad. Con la comunicaci\u00f3n se acredita la subrogaci\u00f3n del nuevo titular en los derechos y deberes derivados de la licencia o comunicaci\u00f3n previa.<\/p><p>Si no existen modificaciones sobre proyecto\/permiso original el procedimiento est\u00e1ndar es el de transmitir la titularidad con un documento de cesi\u00f3n del t\u00edtulo, un certificado t\u00e9cnico y si el ayuntamiento o solicitar un plano con memoria descriptiva de la situaci\u00f3n actual conforme no ha habido cambios sustanciales.<\/p><p>En caso de modificaci\u00f3n o cambios sustanciales de la actividad sobre el proyecto original, cambios de superficie, aumento de la potencia el\u00e9ctrica, distribuci\u00f3n, etc., lo que haremos ser\u00e1 actualizar la actividad y proceder al cambio de titularidad.<\/p>","_et_gb_content_width":"","footnotes":""},"class_list":["post-719","page","type-page","status-publish","hentry"],"yoast_head":"<!-- This site is optimized with the Yoast SEO plugin v27.3 - https:\/\/yoast.com\/product\/yoast-seo-wordpress\/ -->\n<title>Canvis de titularitat - MJ Enginyeria<\/title>\n<meta name=\"description\" content=\"Es tramita quan la persona o empresa titular d&#039;una activitat que disposa de llic\u00e8ncia o comunicaci\u00f3 pr\u00e8via vigent ...\" \/>\n<meta name=\"robots\" content=\"index, follow, max-snippet:-1, max-image-preview:large, max-video-preview:-1\" \/>\n<link rel=\"canonical\" href=\"https:\/\/mjenginyeria.com\/ca\/canvis-de-titularitat\/\" \/>\n<meta property=\"og:locale\" content=\"ca_ES\" \/>\n<meta property=\"og:type\" content=\"article\" \/>\n<meta property=\"og:title\" content=\"Canvis de titularitat - MJ Enginyeria\" \/>\n<meta property=\"og:description\" content=\"Es tramita quan la persona o empresa titular d&#039;una activitat que disposa de llic\u00e8ncia o comunicaci\u00f3 pr\u00e8via vigent ...\" \/>\n<meta property=\"og:url\" content=\"https:\/\/mjenginyeria.com\/ca\/canvis-de-titularitat\/\" \/>\n<meta property=\"og:site_name\" content=\"MJ Enginyeria\" \/>\n<meta property=\"article:modified_time\" content=\"2023-07-11T09:34:15+00:00\" \/>\n<meta name=\"twitter:card\" content=\"summary_large_image\" \/>\n<meta name=\"twitter:label1\" content=\"Temps estimat de lectura\" \/>\n\t<meta name=\"twitter:data1\" content=\"1 minut\" \/>\n<script type=\"application\/ld+json\" class=\"yoast-schema-graph\">{\"@context\":\"https:\\\/\\\/schema.org\",\"@graph\":[{\"@type\":\"WebPage\",\"@id\":\"https:\\\/\\\/mjenginyeria.com\\\/ca\\\/canvis-de-titularitat\\\/\",\"url\":\"https:\\\/\\\/mjenginyeria.com\\\/ca\\\/canvis-de-titularitat\\\/\",\"name\":\"Canvis de titularitat - MJ Enginyeria\",\"isPartOf\":{\"@id\":\"https:\\\/\\\/mjenginyeria.com\\\/#website\"},\"datePublished\":\"2023-07-10T10:47:00+00:00\",\"dateModified\":\"2023-07-11T09:34:15+00:00\",\"description\":\"Es tramita quan la persona o empresa titular d'una activitat que disposa de llic\u00e8ncia o comunicaci\u00f3 pr\u00e8via vigent ...\",\"breadcrumb\":{\"@id\":\"https:\\\/\\\/mjenginyeria.com\\\/ca\\\/canvis-de-titularitat\\\/#breadcrumb\"},\"inLanguage\":\"ca\",\"potentialAction\":[{\"@type\":\"ReadAction\",\"target\":[\"https:\\\/\\\/mjenginyeria.com\\\/ca\\\/canvis-de-titularitat\\\/\"]}]},{\"@type\":\"BreadcrumbList\",\"@id\":\"https:\\\/\\\/mjenginyeria.com\\\/ca\\\/canvis-de-titularitat\\\/#breadcrumb\",\"itemListElement\":[{\"@type\":\"ListItem\",\"position\":1,\"name\":\"Home\",\"item\":\"https:\\\/\\\/mjenginyeria.com\\\/ca\\\/\"},{\"@type\":\"ListItem\",\"position\":2,\"name\":\"Canvis de titularitat\"}]},{\"@type\":\"WebSite\",\"@id\":\"https:\\\/\\\/mjenginyeria.com\\\/#website\",\"url\":\"https:\\\/\\\/mjenginyeria.com\\\/\",\"name\":\"MJ Enginyeria\",\"description\":\"Serveis i legalitzacions a Barcelona\",\"publisher\":{\"@id\":\"https:\\\/\\\/mjenginyeria.com\\\/#organization\"},\"potentialAction\":[{\"@type\":\"SearchAction\",\"target\":{\"@type\":\"EntryPoint\",\"urlTemplate\":\"https:\\\/\\\/mjenginyeria.com\\\/?s={search_term_string}\"},\"query-input\":{\"@type\":\"PropertyValueSpecification\",\"valueRequired\":true,\"valueName\":\"search_term_string\"}}],\"inLanguage\":\"ca\"},{\"@type\":\"Organization\",\"@id\":\"https:\\\/\\\/mjenginyeria.com\\\/#organization\",\"name\":\"MJ Enginyeria\",\"url\":\"https:\\\/\\\/mjenginyeria.com\\\/\",\"logo\":{\"@type\":\"ImageObject\",\"inLanguage\":\"ca\",\"@id\":\"https:\\\/\\\/mjenginyeria.com\\\/#\\\/schema\\\/logo\\\/image\\\/\",\"url\":\"https:\\\/\\\/mjenginyeria.com\\\/wp-content\\\/uploads\\\/2023\\\/04\\\/header-logo-color_x2-min.png\",\"contentUrl\":\"https:\\\/\\\/mjenginyeria.com\\\/wp-content\\\/uploads\\\/2023\\\/04\\\/header-logo-color_x2-min.png\",\"width\":640,\"height\":90,\"caption\":\"MJ Enginyeria\"},\"image\":{\"@id\":\"https:\\\/\\\/mjenginyeria.com\\\/#\\\/schema\\\/logo\\\/image\\\/\"}}]}<\/script>\n<!-- \/ Yoast SEO plugin. -->","yoast_head_json":{"title":"Canvis de titularitat - MJ Enginyeria","description":"Es tramita quan la persona o empresa titular d'una activitat que disposa de llic\u00e8ncia o comunicaci\u00f3 pr\u00e8via vigent ...","robots":{"index":"index","follow":"follow","max-snippet":"max-snippet:-1","max-image-preview":"max-image-preview:large","max-video-preview":"max-video-preview:-1"},"canonical":"https:\/\/mjenginyeria.com\/ca\/canvis-de-titularitat\/","og_locale":"ca_ES","og_type":"article","og_title":"Canvis de titularitat - MJ Enginyeria","og_description":"Es tramita quan la persona o empresa titular d'una activitat que disposa de llic\u00e8ncia o comunicaci\u00f3 pr\u00e8via vigent ...","og_url":"https:\/\/mjenginyeria.com\/ca\/canvis-de-titularitat\/","og_site_name":"MJ Enginyeria","article_modified_time":"2023-07-11T09:34:15+00:00","twitter_card":"summary_large_image","twitter_misc":{"Temps estimat de lectura":"1 minut"},"schema":{"@context":"https:\/\/schema.org","@graph":[{"@type":"WebPage","@id":"https:\/\/mjenginyeria.com\/ca\/canvis-de-titularitat\/","url":"https:\/\/mjenginyeria.com\/ca\/canvis-de-titularitat\/","name":"Canvis de titularitat - MJ Enginyeria","isPartOf":{"@id":"https:\/\/mjenginyeria.com\/#website"},"datePublished":"2023-07-10T10:47:00+00:00","dateModified":"2023-07-11T09:34:15+00:00","description":"Es tramita quan la persona o empresa titular d'una activitat que disposa de llic\u00e8ncia o comunicaci\u00f3 pr\u00e8via vigent ...","breadcrumb":{"@id":"https:\/\/mjenginyeria.com\/ca\/canvis-de-titularitat\/#breadcrumb"},"inLanguage":"ca","potentialAction":[{"@type":"ReadAction","target":["https:\/\/mjenginyeria.com\/ca\/canvis-de-titularitat\/"]}]},{"@type":"BreadcrumbList","@id":"https:\/\/mjenginyeria.com\/ca\/canvis-de-titularitat\/#breadcrumb","itemListElement":[{"@type":"ListItem","position":1,"name":"Home","item":"https:\/\/mjenginyeria.com\/ca\/"},{"@type":"ListItem","position":2,"name":"Canvis de titularitat"}]},{"@type":"WebSite","@id":"https:\/\/mjenginyeria.com\/#website","url":"https:\/\/mjenginyeria.com\/","name":"MJ Enginyeria","description":"Serveis i legalitzacions a Barcelona","publisher":{"@id":"https:\/\/mjenginyeria.com\/#organization"},"potentialAction":[{"@type":"SearchAction","target":{"@type":"EntryPoint","urlTemplate":"https:\/\/mjenginyeria.com\/?s={search_term_string}"},"query-input":{"@type":"PropertyValueSpecification","valueRequired":true,"valueName":"search_term_string"}}],"inLanguage":"ca"},{"@type":"Organization","@id":"https:\/\/mjenginyeria.com\/#organization","name":"MJ Enginyeria","url":"https:\/\/mjenginyeria.com\/","logo":{"@type":"ImageObject","inLanguage":"ca","@id":"https:\/\/mjenginyeria.com\/#\/schema\/logo\/image\/","url":"https:\/\/mjenginyeria.com\/wp-content\/uploads\/2023\/04\/header-logo-color_x2-min.png","contentUrl":"https:\/\/mjenginyeria.com\/wp-content\/uploads\/2023\/04\/header-logo-color_x2-min.png","width":640,"height":90,"caption":"MJ Enginyeria"},"image":{"@id":"https:\/\/mjenginyeria.com\/#\/schema\/logo\/image\/"}}]}},"_links":{"self":[{"href":"https:\/\/mjenginyeria.com\/ca\/wp-json\/wp\/v2\/pages\/719","targetHints":{"allow":["GET"]}}],"collection":[{"href":"https:\/\/mjenginyeria.com\/ca\/wp-json\/wp\/v2\/pages"}],"about":[{"href":"https:\/\/mjenginyeria.com\/ca\/wp-json\/wp\/v2\/types\/page"}],"author":[{"embeddable":true,"href":"https:\/\/mjenginyeria.com\/ca\/wp-json\/wp\/v2\/users\/2"}],"replies":[{"embeddable":true,"href":"https:\/\/mjenginyeria.com\/ca\/wp-json\/wp\/v2\/comments?post=719"}],"version-history":[{"count":2,"href":"https:\/\/mjenginyeria.com\/ca\/wp-json\/wp\/v2\/pages\/719\/revisions"}],"predecessor-version":[{"id":723,"href":"https:\/\/mjenginyeria.com\/ca\/wp-json\/wp\/v2\/pages\/719\/revisions\/723"}],"wp:attachment":[{"href":"https:\/\/mjenginyeria.com\/ca\/wp-json\/wp\/v2\/media?parent=719"}],"curies":[{"name":"wp","href":"https:\/\/api.w.org\/{rel}","templated":true}]}}